{"id":9970,"date":"2024-03-25T09:07:04","date_gmt":"2024-03-25T07:07:04","guid":{"rendered":"https:\/\/tischool.ro\/?page_id=9970"},"modified":"2026-03-24T09:33:30","modified_gmt":"2026-03-24T07:33:30","slug":"liceu","status":"publish","type":"page","link":"https:\/\/tischool.ro\/en\/liceu\/","title":{"rendered":"High school"},"content":{"rendered":"<div data-elementor-type=\"wp-page\" data-elementor-id=\"9970\" class=\"elementor elementor-9970\">\n\t\t\t\t\t\t<section class=\"elementor-section elementor-top-section elementor-element elementor-element-06fc9af elementor-section-full_width elementor-section-height-min-height elementor-section-height-default elementor-section-items-middle\" data-id=\"06fc9af\" data-element_type=\"section\" data-e-type=\"section\" data-settings=\"{&quot;background_background&quot;:&quot;classic&quot;}\">\n\t\t\t\t\t\t\t<div class=\"elementor-background-overlay\"><\/div>\n\t\t\t\t\t\t\t<div class=\"elementor-container elementor-column-gap-no\">\n\t\t\t\t\t<div class=\"aux-parallax-section elementor-column elementor-col-100 elementor-top-column elementor-element elementor-element-9b5fa64\" data-id=\"9b5fa64\" data-element_type=\"column\" data-e-type=\"column\">\n\t\t\t<div class=\"elementor-widget-wrap elementor-element-populated\">\n\t\t\t\t\t\t<section class=\"elementor-section elementor-inner-section elementor-element elementor-element-7d1f7de elementor-section-boxed elementor-section-height-default elementor-section-height-default\" data-id=\"7d1f7de\" data-element_type=\"section\" data-e-type=\"section\">\n\t\t\t\t\t\t<div class=\"elementor-container elementor-column-gap-default\">\n\t\t\t\t\t<div class=\"aux-parallax-section elementor-column elementor-col-100 elementor-inner-column elementor-element elementor-element-9beca5b\" data-id=\"9beca5b\" data-element_type=\"column\" data-e-type=\"column\">\n\t\t\t<div class=\"elementor-widget-wrap elementor-element-populated\">\n\t\t\t\t\t\t<div class=\"elementor-element elementor-element-a69ca98 aux-appear-watch-animation aux-fade-in-down elementor-widget elementor-widget-aux_modern_heading\" data-id=\"a69ca98\" data-element_type=\"widget\" data-e-type=\"widget\" data-widget_type=\"aux_modern_heading.default\">\n\t\t\t\t<div class=\"elementor-widget-container\">\n\t\t\t\t\t<section class=\"aux-widget-modern-heading\">\n            <div class=\"aux-widget-inner\"><h1 class=\"aux-modern-heading-primary\">High school<\/h1><\/div>\n        <\/section>\t\t\t\t<\/div>\n\t\t\t\t<\/div>\n\t\t\t\t\t<\/div>\n\t\t<\/div>\n\t\t\t\t\t<\/div>\n\t\t<\/section>\n\t\t\t\t\t<\/div>\n\t\t<\/div>\n\t\t\t\t\t<\/div>\n\t\t<\/section>\n\t\t<div class=\"aux-parallax-section elementor-element elementor-element-52ed922 e-flex e-con-boxed e-con e-parent\" data-id=\"52ed922\" data-element_type=\"container\" data-e-type=\"container\">\n\t\t\t\t\t<div class=\"e-con-inner\">\n\t\t\t\t<div class=\"elementor-element elementor-element-7b36867 elementor-widget__width-initial elementor-widget-mobile__width-inherit elementor-widget elementor-widget-text-editor\" data-id=\"7b36867\" data-element_type=\"widget\" data-e-type=\"widget\" data-widget_type=\"text-editor.default\">\n\t\t\t\t<div class=\"elementor-widget-container\">\n\t\t\t\t\t\t\t\t\t<h2>Mission<\/h2><p><strong>Transylvania International School<\/strong> offers a pre-university education based on a\nholistic philosophy of education. This involves high academic standards that prepare\nstudents for the best high schools and universities in Romania and around the world,\nassisting them in their intellectual, personal, social, emotional, physical and spiritual\ndevelopment, as well as attention to a healthy and balanced lifestyle.<\/p><p>TIS wants to support students in forming a critical spirit, nurturing curiosity and stimulating creativity, so that they can contribute, throughout their lives, to the good of people and society, in the spirit of Christian values.<\/p><h2>Vision<\/h2><p><strong>Transylvania International School<\/strong> promotes a holistic philosophy of education from a Christian perspective.<\/p><p>It is an environment where:<\/p><ul><li>respects the student's own pace by creating a non-competitive, student-centered environment centered on the student and his\/her needs, in line with those learning competencies speci\ufb01c to the 21st century (pilot school in accelerated learning, mentoring, counseling and guidance in a universal learning framework, etc.);<\/li><li>freedom of expression and critical thinking is encouraged (through subjects such as <em>life skills<\/em>, neuroscience and critical thinking, character development, etc.);<\/li><li>cultivating a love of nature and fellow human beings (mini zoo, lake, orchard,\ngenerous green spaces, planting plots, social projects, camps, charitable projects,\nparents' school, etc.);<\/li><li>emphasis is placed on physical development (sports are practised, sports and\ntechnical activities are organised, etc.);<\/li><li>se \u00eencurajeaz\u0103 dezvoltarea inteligen\u021bei emo\u021bionale \u0219i a celei sociale prin programe edu- ca\u021bionale specifice;<\/li><li>Christian values are promoted - the understanding that a child is a precious gift from God, unique and unrepeatable, endowed with speci\ufb01c talents and abilities, with its own pace of learning and unique opportunities to be of use to its peers;<\/li><li>se desf\u0103\u0219oar\u0103 activit\u0103\u021bi educa\u021bionale \u00een grupe mici de studiu (cu o medie de maximum 15 elevi\/ profesor);<\/li><li>the artistic side is cultivated (literary circle, school magazine, drama, vocal and instrumental music, choir, etc.);<\/li><li>se \u00eencurajeaz\u0103 un stil de via\u021b\u0103 s\u0103n\u0103tos (alimenta\u021bie, mi\u0219care, stare de spirit pozitiv\u0103, bucuria \u00een actul educational, pauze de 20 minute pentru joac\u0103 \u0219i socializare, profesorii ca mentori \u2013 cultivarea rela\u021biilor de \u00eencredere etc.)<\/li><li>learning through play is encouraged;<\/li><li>STEM activities are organised from an early age in primary school;<\/li><li>responsibility for cultural heritage is cultivated, coupled with an international outlook (teachers from abroad, multicultural projects, etc.);<\/li><li>a community-based educational approach is strengthened, in which families, teachers and children are part of a complete educational community.<\/li><\/ul>\t\t\t\t\t\t\t\t<\/div>\n\t\t\t\t<\/div>\n\t\t<div class=\"elementor-element elementor-element-a578f6c e-flex e-con-boxed e-con e-child\" data-id=\"a578f6c\" data-element_type=\"container\" data-e-type=\"container\">\n\t\t\t\t\t<div class=\"e-con-inner\">\n\t\t<div class=\"elementor-element elementor-element-0d934ab e-flex e-con-boxed e-con e-child\" data-id=\"0d934ab\" data-element_type=\"container\" data-e-type=\"container\" data-settings=\"{&quot;background_background&quot;:&quot;classic&quot;}\">\n\t\t\t\t\t<div class=\"e-con-inner\">\n\t\t\t\t<div class=\"elementor-element elementor-element-3aae95a elementor-widget elementor-widget-heading\" data-id=\"3aae95a\" data-element_type=\"widget\" data-e-type=\"widget\" data-widget_type=\"heading.default\">\n\t\t\t\t<div class=\"elementor-widget-container\">\n\t\t\t\t\t<h2 class=\"elementor-heading-title elementor-size-default\">TIS High School 2026-2027<\/h2>\t\t\t\t<\/div>\n\t\t\t\t<\/div>\n\t\t\t\t<div class=\"elementor-element elementor-element-35f7424 elementor-widget elementor-widget-aux_image\" data-id=\"35f7424\" data-element_type=\"widget\" data-e-type=\"widget\" data-widget_type=\"aux_image.default\">\n\t\t\t\t<div class=\"elementor-widget-container\">\n\t\t\t\t\t<section class=\"widget-container aux-widget-image aux-alignnone aux-parent-au5f42f1a3\">\n    <div class=\"aux-media-hint-frame\">\n        <div class=\"aux-media-image aux-hover-active\" >\n                    <a class=\"\" href=\"https:\/\/tischool.ro\/wp-content\/uploads\/2024\/03\/Scoala.png\" data-elementor-open-lightbox=\"no\" data-original-width=\"1080\" data-original-height=\"1527\" data-caption=\"Liceu\" target=\"_self\"  >\n        \n            \n\n            \n            <img fetchpriority=\"high\" decoding=\"async\" width=\"1080\" height=\"1527\" src=\"https:\/\/tischool.ro\/wp-content\/uploads\/2024\/03\/Liceu.png\" class=\"aux-attachment aux-featured-image aux-attachment-id-10020\" alt=\"Liceu - inscriere\" data-ratio=\"0.71\" data-original-w=\"1080\" \/>            \n                    <\/a>\n                <\/div>\n    <\/div>\n\n<\/section><!-- widget-container -->\t\t\t\t<\/div>\n\t\t\t\t<\/div>\n\t\t\t\t<div class=\"elementor-element elementor-element-da0d58a elementor-widget elementor-widget-aux_icon_list\" data-id=\"da0d58a\" data-element_type=\"widget\" data-e-type=\"widget\" data-widget_type=\"aux_icon_list.default\">\n\t\t\t\t<div class=\"elementor-widget-container\">\n\t\t\t\t\t<section class=\"widget-container aux-widget-icon-list aux-parent-aud2d61895\"><div class=\"widget-inner\"><div class=\"aux-widget-icon-list-inner\"><ul class=\"aux-icon-list-items aux-direction-vertical aux-icon-list-divider\"><li class=\"aux-icon-list-item aux-list-item-has-icon aux-icon-list-item-e635848 elementor-repeater-item-e635848\"><i aria-hidden=\"true\" class=\"aux-icon-list-icon fas fa-child\"><\/i><span class=\"aux-icon-list-text\">High School:<\/span><span class=\"aux-icon-list-text2\">Grades 10-11<\/span><\/li><li class=\"aux-icon-list-item aux-list-item-has-icon aux-icon-list-item-e8859a9 elementor-repeater-item-e8859a9\"><i aria-hidden=\"true\" class=\"aux-icon-list-icon auxicon auxicon-clock-4\"><\/i><span class=\"aux-icon-list-text\">Regular program (8:00 - 15:00)<\/span><span class=\"aux-icon-list-text2\">EUR 420\/month<\/span><\/li><li class=\"aux-icon-list-item aux-list-item-has-icon aux-icon-list-item-c75fcbe elementor-repeater-item-c75fcbe\"><i aria-hidden=\"true\" class=\"aux-icon-list-icon fas fa-child\"><\/i><span class=\"aux-icon-list-text\">Number of monthly Installments:<\/span><span class=\"aux-icon-list-text2\">11<\/span><\/li><li class=\"aux-icon-list-item aux-list-item-has-icon aux-icon-list-item-0a1bfc1 elementor-repeater-item-0a1bfc1\"><span class=\"aux-icon-list-text\">Enrollment Fee:<\/span><span class=\"aux-icon-list-text2\">EUR 300<\/span><\/li><li class=\"aux-icon-list-item aux-list-item-has-icon aux-icon-list-item-49f7a00 elementor-repeater-item-49f7a00\"><i aria-hidden=\"true\" class=\"aux-icon-list-icon auxicon auxicon-info-1\"><\/i><span class=\"aux-icon-list-text2\">Pentru plata in rate si alte detalii, descarc\u0103 bro\u0219ura.<\/span><\/li><\/ul><\/div><\/div><\/section><!-- widget-container -->\t\t\t\t<\/div>\n\t\t\t\t<\/div>\n\t\t\t\t<div class=\"elementor-element elementor-element-71a9074 elementor-widget elementor-widget-aux_button\" data-id=\"71a9074\" data-element_type=\"widget\" data-e-type=\"widget\" data-widget_type=\"aux_button.default\">\n\t\t\t\t<div class=\"elementor-widget-container\">\n\t\t\t\t\t<a  href=\"https:\/\/tischool.ro\/en\/inscriere\/\" target=\"_self\"   class=\"aux-button aux-large aux-carmine-pink aux-round aux-none aux-uppercase aux-icon-left\" ><span class=\"aux-overlay\"><\/span><i aria-hidden=\"true\" class=\"aux-icon fas fa-file-signature\"><\/i><span class=\"aux-text\">ENROLL (for 2026-2027)<\/span><\/a>\t\t\t\t<\/div>\n\t\t\t\t<\/div>\n\t\t\t\t<div class=\"elementor-element elementor-element-927f6ee elementor-widget elementor-widget-aux_button\" data-id=\"927f6ee\" data-element_type=\"widget\" data-e-type=\"widget\" data-widget_type=\"aux_button.default\">\n\t\t\t\t<div class=\"elementor-widget-container\">\n\t\t\t\t\t<a  href=\"https:\/\/drive.google.com\/file\/d\/1O9VTOtQIMFqGO63RAd9wIrkD40YbWWEi\/view?usp=sharing\" target=\"_blank\"   class=\"aux-button aux-medium aux-carmine-pink aux-round aux-none aux-uppercase aux-icon-left\" ><span class=\"aux-overlay\"><\/span><i aria-hidden=\"true\" class=\"aux-icon fas fa-info-circle\"><\/i><span class=\"aux-text\">DOWNLOAD BROCHURE<\/span><\/a>\t\t\t\t<\/div>\n\t\t\t\t<\/div>\n\t\t\t\t\t<\/div>\n\t\t\t\t<\/div>\n\t\t\t\t\t<\/div>\n\t\t\t\t<\/div>\n\t\t\t\t\t<\/div>\n\t\t\t\t<\/div>\n\t\t<div class=\"aux-parallax-section elementor-element elementor-element-c09df3c e-flex e-con-boxed e-con e-parent\" data-id=\"c09df3c\" data-element_type=\"container\" data-e-type=\"container\">\n\t\t\t\t\t<div class=\"e-con-inner\">\n\t\t\t\t<div class=\"elementor-element elementor-element-c445045 elementor-widget__width-initial elementor-widget-mobile__width-inherit elementor-widget elementor-widget-text-editor\" data-id=\"c445045\" data-element_type=\"widget\" data-e-type=\"widget\" data-widget_type=\"text-editor.default\">\n\t\t\t\t<div class=\"elementor-widget-container\">\n\t\t\t\t\t\t\t\t\t<h2>Curriculum<\/h2><p>Transylvania International School orients its educational process according to an <strong>integrated, cross-disciplinary, internationally oriented curriculum.<\/strong>It is based, in terms of teaching content, on <strong>the academic standards stipulated by the accrediting commissions - NCP- SA &amp; ISEI (Common Core Standards &amp; ISEI Standards), culturally adapted to the National Curriculum.<\/strong> It is a perspective of a comprehensive education, based on learning competencies needed for the 21st century (according to UNESCO).<\/p><h2>Material basis<\/h2><p>Transylvania International School dispune de clase de studiu adaptate \u0219i dotate la standarde moderne de func\u021bionare, curte cu spa\u021bii verzi, lac, mini zoo, livad\u0103, trei terenuri de sport, parc Early learning, sal\u0103 de conferin\u021be.<\/p><h2>Human resources<\/h2><p>Transylvania International School places emphasis on academic excellence. All\nteaching staff have a university degree and a signi\ufb01cant number have postgraduate\ntraining: master's degree, two faculties, doctorates.<\/p><p>In addition to Romanian teachers, there are foreign education specialists\/native English speakers who participate in the educational process.<\/p><p>Academic programmes include several types of collaborations:<\/p><ul><li>full\/main teachers<\/li><li>teaching assistants<\/li><li>mentor teachers\/ mentors<\/li><li>volunteer teachers<\/li><li>visiting teachers<\/li><\/ul><h2>Schooling plan<\/h2><p>Pentru anul \u0219colar 2024-2025, <strong>Transylvania International School<\/strong> has the following study cycles:<\/p><p><strong>Ciclul liceal &#8211; clasa a 9-a\u00a0<\/strong>cu posibilitate de prelungire p\u00e2n\u0103 la <strong>clasa a 12-a<\/strong><\/p>\t\t\t\t\t\t\t\t<\/div>\n\t\t\t\t<\/div>\n\t\t\t\t\t<\/div>\n\t\t\t\t<\/div>\n\t\t\t\t<\/div>","protected":false},"excerpt":{"rendered":"<p>Liceu Misiune Transylvania International School propune o educa\u021bie preuniversitar\u0103 ce are la baz\u0103 o filosofie holistic\u0103 a educa\u021biei. Aceasta implic\u0103 standarde academice \u00eenalte, care s\u0103-i preg\u0103teasc\u0103 pe elevi pentru cele mai bune licee \u0219i universit\u0103\u021bi din Rom\u00e2nia ori din lume, asistarea lor \u00een dezvoltarea intelectual\u0103, personal\u0103, social\u0103, emo\u021bional\u0103, fizic\u0103 \u0219i spiritual\u0103, precum \u0219i aten\u021bia acordat\u0103 [&hellip;]<\/p>\n","protected":false},"author":1,"featured_media":0,"parent":0,"menu_order":0,"comment_status":"closed","ping_status":"closed","template":"templates\/page-builder-content.php","meta":{"footnotes":""},"class_list":["post-9970","page","type-page","status-publish","hentry"],"_links":{"self":[{"href":"https:\/\/tischool.ro\/en\/wp-json\/wp\/v2\/pages\/9970","targetHints":{"allow":["GET"]}}],"collection":[{"href":"https:\/\/tischool.ro\/en\/wp-json\/wp\/v2\/pages"}],"about":[{"href":"https:\/\/tischool.ro\/en\/wp-json\/wp\/v2\/types\/page"}],"author":[{"embeddable":true,"href":"https:\/\/tischool.ro\/en\/wp-json\/wp\/v2\/users\/1"}],"replies":[{"embeddable":true,"href":"https:\/\/tischool.ro\/en\/wp-json\/wp\/v2\/comments?post=9970"}],"version-history":[{"count":49,"href":"https:\/\/tischool.ro\/en\/wp-json\/wp\/v2\/pages\/9970\/revisions"}],"predecessor-version":[{"id":11383,"href":"https:\/\/tischool.ro\/en\/wp-json\/wp\/v2\/pages\/9970\/revisions\/11383"}],"wp:attachment":[{"href":"https:\/\/tischool.ro\/en\/wp-json\/wp\/v2\/media?parent=9970"}],"curies":[{"name":"wp","href":"https:\/\/api.w.org\/{rel}","templated":true}]}}