{"id":8859,"date":"2023-09-22T02:15:18","date_gmt":"2023-09-21T23:15:18","guid":{"rendered":"https:\/\/tischool.ro\/?page_id=8859"},"modified":"2023-09-25T14:03:47","modified_gmt":"2023-09-25T11:03:47","slug":"burse","status":"publish","type":"page","link":"https:\/\/tischool.ro\/en\/burse\/","title":{"rendered":"Scholarships"},"content":{"rendered":"<div data-elementor-type=\"wp-page\" data-elementor-id=\"8859\" class=\"elementor elementor-8859\">\n\t\t\t\t\t\t<section class=\"elementor-section elementor-top-section elementor-element elementor-element-06fc9af elementor-section-full_width elementor-section-height-min-height elementor-section-height-default elementor-section-items-middle\" data-id=\"06fc9af\" data-element_type=\"section\" data-e-type=\"section\" data-settings=\"{&quot;background_background&quot;:&quot;classic&quot;}\">\n\t\t\t\t\t\t\t<div class=\"elementor-background-overlay\"><\/div>\n\t\t\t\t\t\t\t<div class=\"elementor-container elementor-column-gap-no\">\n\t\t\t\t\t<div class=\"aux-parallax-section elementor-column elementor-col-100 elementor-top-column elementor-element elementor-element-9b5fa64\" data-id=\"9b5fa64\" data-element_type=\"column\" data-e-type=\"column\">\n\t\t\t<div class=\"elementor-widget-wrap elementor-element-populated\">\n\t\t\t\t\t\t<section class=\"elementor-section elementor-inner-section elementor-element elementor-element-7d1f7de elementor-section-boxed elementor-section-height-default elementor-section-height-default\" data-id=\"7d1f7de\" data-element_type=\"section\" data-e-type=\"section\">\n\t\t\t\t\t\t<div class=\"elementor-container elementor-column-gap-default\">\n\t\t\t\t\t<div class=\"aux-parallax-section elementor-column elementor-col-100 elementor-inner-column elementor-element elementor-element-9beca5b\" data-id=\"9beca5b\" data-element_type=\"column\" data-e-type=\"column\">\n\t\t\t<div class=\"elementor-widget-wrap elementor-element-populated\">\n\t\t\t\t\t\t<div class=\"elementor-element elementor-element-a69ca98 aux-appear-watch-animation aux-fade-in-down elementor-hidden-mobile elementor-widget elementor-widget-aux_modern_heading\" data-id=\"a69ca98\" data-element_type=\"widget\" data-e-type=\"widget\" data-widget_type=\"aux_modern_heading.default\">\n\t\t\t\t<div class=\"elementor-widget-container\">\n\t\t\t\t\t<section class=\"aux-widget-modern-heading\">\n            <div class=\"aux-widget-inner\"><h1 class=\"aux-modern-heading-primary\">Scholarships<\/h1><\/div>\n        <\/section>\t\t\t\t<\/div>\n\t\t\t\t<\/div>\n\t\t\t\t\t<\/div>\n\t\t<\/div>\n\t\t\t\t\t<\/div>\n\t\t<\/section>\n\t\t\t\t\t<\/div>\n\t\t<\/div>\n\t\t\t\t\t<\/div>\n\t\t<\/section>\n\t\t\t\t<section class=\"elementor-section elementor-top-section elementor-element elementor-element-4e7cd21 elementor-section-boxed elementor-section-height-default elementor-section-height-default\" data-id=\"4e7cd21\" data-element_type=\"section\" data-e-type=\"section\">\n\t\t\t\t\t\t<div class=\"elementor-container elementor-column-gap-no\">\n\t\t\t\t\t<div class=\"aux-parallax-section elementor-column elementor-col-100 elementor-top-column elementor-element elementor-element-eade1d4\" data-id=\"eade1d4\" data-element_type=\"column\" data-e-type=\"column\">\n\t\t\t<div class=\"elementor-widget-wrap elementor-element-populated\">\n\t\t\t\t\t\t<div class=\"elementor-element elementor-element-ccf56f8 aux-appear-watch-animation aux-scale-up elementor-widget elementor-widget-aux_modern_heading\" data-id=\"ccf56f8\" data-element_type=\"widget\" data-e-type=\"widget\" data-widget_type=\"aux_modern_heading.default\">\n\t\t\t\t<div class=\"elementor-widget-container\">\n\t\t\t\t\t<section class=\"aux-widget-modern-heading\">\n            <div class=\"aux-widget-inner\"><h2 class=\"aux-modern-heading-primary\"><\/h2><h2 class=\"aux-modern-heading-secondary\"><span class=\"aux-head-highlight\">TIS Scholarships<\/span><\/h2><div class=\"aux-modern-heading-divider\"><\/div><\/div>\n        <\/section>\t\t\t\t<\/div>\n\t\t\t\t<\/div>\n\t\t\t\t\t<\/div>\n\t\t<\/div>\n\t\t\t\t\t<\/div>\n\t\t<\/section>\n\t\t<div class=\"aux-parallax-section elementor-element elementor-element-a8a00dc e-flex e-con-boxed e-con e-parent\" data-id=\"a8a00dc\" data-element_type=\"container\" data-e-type=\"container\" data-settings=\"{&quot;background_background&quot;:&quot;classic&quot;}\">\n\t\t\t\t\t<div class=\"e-con-inner\">\n\t\t<div class=\"elementor-element elementor-element-ac53164 e-con-full e-flex e-con e-child\" data-id=\"ac53164\" data-element_type=\"container\" data-e-type=\"container\">\n\t\t\t\t<div class=\"elementor-element elementor-element-ae463dc elementor-widget elementor-widget-text-editor\" data-id=\"ae463dc\" data-element_type=\"widget\" data-e-type=\"widget\" data-widget_type=\"text-editor.default\">\n\t\t\t\t<div class=\"elementor-widget-container\">\n\t\t\t\t\t\t\t\t\t<h4><span style=\"color: #b41720;\"><strong>Transylvania International School<\/strong> supports excellence and encourages students\nfrom all walks of life to reach their potential.<\/span><\/h4><p>So TIS scholarships are for all students at this school who are experiencing \ufb01nancial di\ufb03culties in achieving our goal, but also for those who wish to develop academically.<\/p><ul><li>Students in full-time courses at Transylvania International School are eligible for <strong>scholarships<\/strong> awarded from the allocated donation amounts. Scholarships can be: <strong>excellence scholarships<\/strong>, or <strong>social scholarships.<\/strong>.<\/li><li><strong>The number of scholarships<\/strong> offered by TIS is determined annually by the TIS Board of Directors, within the limits of the scholarship funds.<\/li><li><strong>Scholarships are awarded each school year<\/strong>for the duration of the school year. A\npupil may not receive two scholarships at the same time.<\/li><li><strong>The speci\ufb01c criteria for awarding scholarships<\/strong> shall be determined annually by the TIS School Board, within the limits of the funds allocated and in relation to the completeness of the pupils' school activities.<\/li><\/ul><p>During the scholarship period,<strong> students may lose their scholarship<\/strong> if they are observed to be behaving in a way that is not in line with the values of our school.<\/p>\t\t\t\t\t\t\t\t<\/div>\n\t\t\t\t<\/div>\n\t\t\t\t<\/div>\n\t\t<div class=\"elementor-element elementor-element-e90ab17 e-con-full e-flex e-con e-child\" data-id=\"e90ab17\" data-element_type=\"container\" data-e-type=\"container\">\n\t\t\t\t<div class=\"elementor-element elementor-element-ef11030 elementor-widget elementor-widget-aux_image\" data-id=\"ef11030\" data-element_type=\"widget\" data-e-type=\"widget\" data-widget_type=\"aux_image.default\">\n\t\t\t\t<div class=\"elementor-widget-container\">\n\t\t\t\t\t<section class=\"widget-container aux-widget-image aux-alignnone aux-parent-auc6fb37b2\">\n    <div class=\"aux-media-hint-frame\">\n        <div class=\"aux-media-image\" >\n        \n            \n\n            \n            <img fetchpriority=\"high\" decoding=\"async\" width=\"600\" height=\"600\" src=\"https:\/\/tischool.ro\/wp-content\/uploads\/2023\/09\/burse-4.jpg\" class=\"aux-attachment aux-featured-image aux-attachment-id-9139\" alt=\"burse-4\" data-ratio=\"1\" data-original-w=\"600\" \/>            \n                <\/div>\n    <\/div>\n\n<\/section><!-- widget-container -->\t\t\t\t<\/div>\n\t\t\t\t<\/div>\n\t\t\t\t<\/div>\n\t\t\t\t\t<\/div>\n\t\t\t\t<\/div>\n\t\t\t\t<section class=\"elementor-section elementor-top-section elementor-element elementor-element-2297353 elementor-section-boxed elementor-section-height-default elementor-section-height-default\" data-id=\"2297353\" data-element_type=\"section\" data-e-type=\"section\">\n\t\t\t\t\t\t<div class=\"elementor-container elementor-column-gap-default\">\n\t\t\t\t\t<div class=\"aux-parallax-section elementor-column elementor-col-33 elementor-top-column elementor-element elementor-element-03e66a3\" data-id=\"03e66a3\" data-element_type=\"column\" data-e-type=\"column\">\n\t\t\t<div class=\"elementor-widget-wrap elementor-element-populated\">\n\t\t\t\t\t\t<div class=\"elementor-element elementor-element-3f5547e fullheight elementor-widget elementor-widget-aux_text\" data-id=\"3f5547e\" data-element_type=\"widget\" data-e-type=\"widget\" data-widget_type=\"aux_text.default\">\n\t\t\t\t<div class=\"elementor-widget-container\">\n\t\t\t\t\t<section class=\"widget-container aux-widget-text aux-parent-auc3cf313f\">        <div class=\"aux-widget-advanced-text aux-wrap-style-simple aux-ico-pos-top aux-text-left aux-text-resp- aux-text-color-dark aux-text-widget-bg-center\" >\n        \n                            <div class=\"aux-text-widget-header\"  >\n                        <div class=\"aux-ico-box aux-ico-large aux-img-box aux-ico-shape-default aux-ico-clear\">\n                                                                <img decoding=\"async\" width=\"450\" height=\"383\" src=\"https:\/\/tischool.ro\/wp-content\/uploads\/2023\/09\/bursa-cerere-2.svg\" class=\"attachment-full size-full\" alt=\"Cerere bursa\" \/>                                                    <\/div>\n                <\/div>\n            \n            <div class=\"aux-text-inner aux-text-widget-content\">\n                                <h4 class=\"col-title\">Apply now for a TIS scholarship<\/h4>\n                                <div class=\"widget-content\">\n                                        <p>We are here for you:<\/p><p>Monday - Friday between 08:30 - 16:30<\/p><p><strong>Transylvania International School<\/strong><br \/><br \/>Str. T\u00e2rgului nr. 2<br \/>500482 \u2013 Bra\u0219ov<br \/><strong>Phone:<\/strong> +40 757377377<br \/><strong>E-mail:<\/strong> contact@tischool.ro<\/p>                <\/div>\n                            <\/div>\n        <\/div>\n                    <div class=\"aux-text-widget-footer\">\n                <div class=\"aux-border-shape-none\">\n                                <\/div>\n            <\/div>\n        \n<\/section><!-- widget-container -->\t\t\t\t<\/div>\n\t\t\t\t<\/div>\n\t\t\t\t\t<\/div>\n\t\t<\/div>\n\t\t\t\t<div class=\"aux-parallax-section elementor-column elementor-col-33 elementor-top-column elementor-element elementor-element-233a5d7\" data-id=\"233a5d7\" data-element_type=\"column\" data-e-type=\"column\">\n\t\t\t<div class=\"elementor-widget-wrap elementor-element-populated\">\n\t\t\t\t\t\t<div class=\"elementor-element elementor-element-f0f1e9a fullheight elementor-widget elementor-widget-aux_text\" data-id=\"f0f1e9a\" data-element_type=\"widget\" data-e-type=\"widget\" data-widget_type=\"aux_text.default\">\n\t\t\t\t<div class=\"elementor-widget-container\">\n\t\t\t\t\t<section class=\"widget-container aux-widget-text aux-parent-au68d1ccfc\">        <div class=\"aux-widget-advanced-text aux-wrap-style-simple aux-ico-pos-top aux-text-left aux-text-resp- aux-text-color-dark aux-text-widget-bg-center\" >\n        \n                            <div class=\"aux-text-widget-header\"  >\n                        <div class=\"aux-ico-box aux-ico-large aux-img-box aux-ico-shape-default aux-ico-clear\">\n                                                                <img decoding=\"async\" width=\"450\" height=\"383\" src=\"https:\/\/tischool.ro\/wp-content\/uploads\/2023\/09\/bursa-merit.svg\" class=\"attachment-full size-full\" alt=\"Bursa merit\" \/>                                                    <\/div>\n                <\/div>\n            \n            <div class=\"aux-text-inner aux-text-widget-content\">\n                                <h4 class=\"col-title\">Excellence scholarships<\/h4>\n                                <div class=\"widget-content\">\n                                        The Excellence Scholarship is open to all TIS students who simultaneously meet the following conditions:\n<ul>\n \t<li>they are enrolled in the study programme;<\/li>\n \t<li>have very good academic results;<\/li>\n \t<li>have a behaviour appropriate to the values of the TIS school.<\/li>\n<\/ul>\n<br \/>                <\/div>\n                <a  href=\"https:\/\/tischool.ro\/wp-content\/uploads\/2023\/09\/Bursa-de-excelenta-.pdf\" target=\"_self\"   class=\"aux-button aux-large aux-fire-engine-red aux-curve aux-3d aux-icon-left\" ><span class=\"aux-overlay\"><\/span><i aria-hidden=\"true\" class=\"aux-icon far fa-file-pdf\"><\/i><span class=\"aux-text\">Afl\u0103 mai mult (PDF)<\/span><\/a>            <\/div>\n        <\/div>\n                    <div class=\"aux-text-widget-footer\">\n                <div class=\"aux-border-shape-none\">\n                                <\/div>\n            <\/div>\n        \n<\/section><!-- widget-container -->\t\t\t\t<\/div>\n\t\t\t\t<\/div>\n\t\t\t\t\t<\/div>\n\t\t<\/div>\n\t\t\t\t<div class=\"aux-parallax-section elementor-column elementor-col-33 elementor-top-column elementor-element elementor-element-1bb392b\" data-id=\"1bb392b\" data-element_type=\"column\" data-e-type=\"column\">\n\t\t\t<div class=\"elementor-widget-wrap elementor-element-populated\">\n\t\t\t\t\t\t<div class=\"elementor-element elementor-element-7c88d72 fullheight elementor-widget elementor-widget-aux_text\" data-id=\"7c88d72\" data-element_type=\"widget\" data-e-type=\"widget\" data-widget_type=\"aux_text.default\">\n\t\t\t\t<div class=\"elementor-widget-container\">\n\t\t\t\t\t<section class=\"widget-container aux-widget-text aux-parent-audf52c0c3\">        <div class=\"aux-widget-advanced-text aux-wrap-style-simple aux-ico-pos-top aux-text-left aux-text-resp- aux-text-color-dark aux-text-widget-bg-center\" >\n        \n                            <div class=\"aux-text-widget-header\"  >\n                        <div class=\"aux-ico-box aux-ico-large aux-img-box aux-ico-shape-default aux-ico-clear\">\n                                                                <img loading=\"lazy\" decoding=\"async\" width=\"450\" height=\"383\" src=\"https:\/\/tischool.ro\/wp-content\/uploads\/2023\/09\/bursa-sociala.svg\" class=\"attachment-full size-full\" alt=\"Bursa sociala\" \/>                                                    <\/div>\n                <\/div>\n            \n            <div class=\"aux-text-inner aux-text-widget-content\">\n                                <h4 class=\"col-title\">Social grants<\/h4>\n                                <div class=\"widget-content\">\n                                        <p>Social scholarships are awarded to students whose family has not achieved in the 3\nmonths prior to the start of the semester \/ academic year an average net monthly income per family member greater than the minimum net basic salary.<\/p><p><em>Cererea, alaturi de documentele doveditoare, se trimite la adresa de email contact@tischool.ro<\/em><\/p>                <\/div>\n                <a  href=\"https:\/\/tischool.ro\/wp-content\/uploads\/2023\/09\/Bursa-sociala-noua.pdf\" target=\"_self\"   class=\"aux-button aux-large aux-fire-engine-red aux-curve aux-3d aux-icon-left\" ><span class=\"aux-overlay\"><\/span><i aria-hidden=\"true\" class=\"aux-icon far fa-file-pdf\"><\/i><span class=\"aux-text\">Afl\u0103 mai mult (PDF)<\/span><\/a>            <\/div>\n        <\/div>\n                    <div class=\"aux-text-widget-footer\">\n                <div class=\"aux-border-shape-none\">\n                                <\/div>\n            <\/div>\n        \n<\/section><!-- widget-container -->\t\t\t\t<\/div>\n\t\t\t\t<\/div>\n\t\t\t\t\t<\/div>\n\t\t<\/div>\n\t\t\t\t\t<\/div>\n\t\t<\/section>\n\t\t\t\t<\/div>","protected":false},"excerpt":{"rendered":"<p>Burse Bursele TIS Transylvania International School sus\u021bine excelen\u021ba \u0219i \u00eei \u00eencurajeaz\u0103 pe elevii din orice categorie social\u0103 s\u0103 \u00ee\u0219i ating\u0103 poten\u021bialul. Astfel c\u0103 bursele TIS se adreseaz\u0103 tuturor elevilor din cadrul acestei \u0219coli care \u00eent\u00e2mpin\u0103 dificult\u0103\u021bi financiare \u00een atingerea obiectivului nostru, dar \u0219i celor care doresc s\u0103 se dezvolte din punct de vedere academic. Elevii [&hellip;]<\/p>\n","protected":false},"author":1,"featured_media":0,"parent":0,"menu_order":0,"comment_status":"closed","ping_status":"closed","template":"templates\/page-builder-content.php","meta":{"footnotes":""},"class_list":["post-8859","page","type-page","status-publish","hentry"],"_links":{"self":[{"href":"https:\/\/tischool.ro\/en\/wp-json\/wp\/v2\/pages\/8859","targetHints":{"allow":["GET"]}}],"collection":[{"href":"https:\/\/tischool.ro\/en\/wp-json\/wp\/v2\/pages"}],"about":[{"href":"https:\/\/tischool.ro\/en\/wp-json\/wp\/v2\/types\/page"}],"author":[{"embeddable":true,"href":"https:\/\/tischool.ro\/en\/wp-json\/wp\/v2\/users\/1"}],"replies":[{"embeddable":true,"href":"https:\/\/tischool.ro\/en\/wp-json\/wp\/v2\/comments?post=8859"}],"version-history":[{"count":151,"href":"https:\/\/tischool.ro\/en\/wp-json\/wp\/v2\/pages\/8859\/revisions"}],"predecessor-version":[{"id":9260,"href":"https:\/\/tischool.ro\/en\/wp-json\/wp\/v2\/pages\/8859\/revisions\/9260"}],"wp:attachment":[{"href":"https:\/\/tischool.ro\/en\/wp-json\/wp\/v2\/media?parent=8859"}],"curies":[{"name":"wp","href":"https:\/\/api.w.org\/{rel}","templated":true}]}}