{"id":8540,"date":"2023-09-19T20:05:30","date_gmt":"2023-09-19T17:05:30","guid":{"rendered":"https:\/\/tischool.ro\/?page_id=8540"},"modified":"2023-09-19T21:27:24","modified_gmt":"2023-09-19T18:27:24","slug":"echipa-troanca-delia","status":"publish","type":"page","link":"https:\/\/tischool.ro\/en\/echipa-1\/echipa-troanca-delia\/","title":{"rendered":"Echipa &#8211; Troanca Delia"},"content":{"rendered":"<div data-elementor-type=\"wp-page\" data-elementor-id=\"8540\" class=\"elementor elementor-8540\">\n\t\t\t\t\t\t<section class=\"elementor-section elementor-top-section elementor-element elementor-element-06fc9af elementor-section-full_width elementor-section-height-min-height elementor-section-height-default elementor-section-items-middle\" data-id=\"06fc9af\" data-element_type=\"section\" data-e-type=\"section\" data-settings=\"{&quot;background_background&quot;:&quot;classic&quot;}\">\n\t\t\t\t\t\t\t<div class=\"elementor-background-overlay\"><\/div>\n\t\t\t\t\t\t\t<div class=\"elementor-container elementor-column-gap-no\">\n\t\t\t\t\t<div class=\"aux-parallax-section elementor-column elementor-col-100 elementor-top-column elementor-element elementor-element-9b5fa64\" data-id=\"9b5fa64\" data-element_type=\"column\" data-e-type=\"column\">\n\t\t\t<div class=\"elementor-widget-wrap elementor-element-populated\">\n\t\t\t\t\t\t<section class=\"elementor-section elementor-inner-section elementor-element elementor-element-7d1f7de elementor-section-boxed elementor-section-height-default elementor-section-height-default\" data-id=\"7d1f7de\" data-element_type=\"section\" data-e-type=\"section\">\n\t\t\t\t\t\t<div class=\"elementor-container elementor-column-gap-default\">\n\t\t\t\t\t<div class=\"aux-parallax-section elementor-column elementor-col-100 elementor-inner-column elementor-element elementor-element-9beca5b\" data-id=\"9beca5b\" data-element_type=\"column\" data-e-type=\"column\">\n\t\t\t<div class=\"elementor-widget-wrap elementor-element-populated\">\n\t\t\t\t\t\t<div class=\"elementor-element elementor-element-a69ca98 aux-appear-watch-animation aux-fade-in-down elementor-widget elementor-widget-aux_modern_heading\" data-id=\"a69ca98\" data-element_type=\"widget\" data-e-type=\"widget\" data-widget_type=\"aux_modern_heading.default\">\n\t\t\t\t<div class=\"elementor-widget-container\">\n\t\t\t\t\t<section class=\"aux-widget-modern-heading\">\n            <div class=\"aux-widget-inner\"><h1 class=\"aux-modern-heading-primary\">Our team<\/h1><\/div>\n        <\/section>\t\t\t\t<\/div>\n\t\t\t\t<\/div>\n\t\t\t\t\t<\/div>\n\t\t<\/div>\n\t\t\t\t\t<\/div>\n\t\t<\/section>\n\t\t\t\t\t<\/div>\n\t\t<\/div>\n\t\t\t\t\t<\/div>\n\t\t<\/section>\n\t\t<div class=\"aux-parallax-section elementor-element elementor-element-f93212b e-flex e-con-boxed e-con e-parent\" data-id=\"f93212b\" data-element_type=\"container\" data-e-type=\"container\">\n\t\t\t\t\t<div class=\"e-con-inner\">\n\t\t<div class=\"elementor-element elementor-element-08f5998 e-con-full e-flex elementor-invisible e-con e-child\" data-id=\"08f5998\" data-element_type=\"container\" data-e-type=\"container\" data-settings=\"{&quot;animation&quot;:&quot;fadeInLeft&quot;}\">\n\t\t\t\t<div class=\"elementor-element elementor-element-e4e9a4b aux-appear-watch-animation aux-scale-up elementor-widget elementor-widget-aux_modern_heading\" data-id=\"e4e9a4b\" data-element_type=\"widget\" data-e-type=\"widget\" data-widget_type=\"aux_modern_heading.default\">\n\t\t\t\t<div class=\"elementor-widget-container\">\n\t\t\t\t\t<section class=\"aux-widget-modern-heading\">\n            <div class=\"aux-widget-inner\"><h2 class=\"aux-modern-heading-primary\">echipa TIS<\/h2><h2 class=\"aux-modern-heading-secondary\"><span class=\"aux-head-highlight\">Delia Troanc\u0103<\/span><\/h2><div class=\"aux-modern-heading-description\"><p><em>Teaching Assistant<\/em><\/p><\/div><\/div>\n        <\/section>\t\t\t\t<\/div>\n\t\t\t\t<\/div>\n\t\t\t\t<div class=\"elementor-element elementor-element-44a3531 elementor-widget__width-initial elementor-widget-tablet__width-inherit elementor-widget-mobile__width-inherit elementor-widget elementor-widget-text-editor\" data-id=\"44a3531\" data-element_type=\"widget\" data-e-type=\"widget\" data-widget_type=\"text-editor.default\">\n\t\t\t\t<div class=\"elementor-widget-container\">\n\t\t\t\t\t\t\t\t\t<p><em>\u201dR\u0103d\u0103cinile educa\u021biei sunt amare, dar fructele sunt dulci\u201d &#8211; <\/em>Aristotel<\/p><h4>Biografie:<\/h4><ul><li>Educa\u021bia transform\u0103 viitorul oamenilor, iar frumuse\u021bea cunoa\u0219terii ne inspir\u0103 s\u0103 \u00eenv\u0103\u021b\u0103m ceva nou \u00een fiecare zi. \u00cen ceea ce prive\u0219te concep\u021bia proprie despre educa\u021bie, consider c\u0103 min\u021bile tinere au nevoie de o \u00eendrumare pres\u0103rat\u0103 cu iubire \u0219i \u00een\u021belegere.<\/li><li>Prin cunoa\u0219tere, creativitate, curiozitate \u0219i chiar z\u00e2mbet copiii ajung adul\u021bii de m\u00e2ine. M-am \u00eentrebat ce este fericirea, am ajuns la concluzia c\u0103 fericirea este un sentiment de mul\u021bumire \u0219i satisfac\u021bie profund\u0103 care poate fi experimentat atunci c\u00e2nd avem lucrurile pe care le dorim sau atunci c\u00e2nd suntem \u00eemplini\u021bi de ceea ce avem sau facem. Fericirea poate fi g\u0103sit\u0103 \u00een lucrurile simple \u0219i obi\u0219nuite care ne fac via\u021ba mai frumoas\u0103. Eu am g\u0103sit aceast\u0103 fericire \u00een z\u00e2mbetele copiilor, \u00een c\u0103ldura \u00eembr\u0103\u021bi\u0219\u0103rilor \u0219i \u00een bucuria de a \u00eemplini vise. Doresc s\u0103-i inspir pe copii, s\u0103-i \u00eencurajez, s\u0103-i observ \u0219i s\u0103-i \u00eendrum \u00een aceast\u0103 c\u0103l\u0103torie cu destina\u021bia spre excelen\u021ba al\u0103turi de echipa Transylvania International School.<\/li><\/ul><h4>Educa\u021bie<\/h4><ul><li>Facultatea de Litere \u00een cadrul Universit\u0103\u021bii Transilvania, specializarea Limbi moderne aplicate (francez\u0103\/ englez\u0103)<\/li><li>Atestat \u00een limba englez\u0103<\/li><li>Certificat Competen\u021be digitale (ECDL)<\/li><\/ul>\t\t\t\t\t\t\t\t<\/div>\n\t\t\t\t<\/div>\n\t\t\t\t<\/div>\n\t\t<div class=\"elementor-element elementor-element-a3a4918 e-con-full e-flex e-con e-child\" data-id=\"a3a4918\" data-element_type=\"container\" data-e-type=\"container\">\n\t\t\t\t<div class=\"elementor-element elementor-element-dd5a394 elementor-invisible elementor-widget elementor-widget-aux_image\" data-id=\"dd5a394\" data-element_type=\"widget\" data-e-type=\"widget\" data-settings=\"{&quot;_animation&quot;:&quot;fadeInRight&quot;}\" data-widget_type=\"aux_image.default\">\n\t\t\t\t<div class=\"elementor-widget-container\">\n\t\t\t\t\t<section class=\"widget-container aux-widget-image aux-alignnone aux-parent-aue09b49d1\">\n    <div class=\"aux-media-hint-frame\">\n        <div class=\"aux-media-image\" >\n        \n            \n\n            \n            <img fetchpriority=\"high\" decoding=\"async\" width=\"600\" height=\"600\" src=\"https:\/\/tischool.ro\/wp-content\/uploads\/2023\/09\/echipa-troanca-delia-40x40.jpg\" class=\"aux-attachment aux-featured-image aux-attachment-id-8461 aux-preload aux-has-preview\" alt=\"Echipa TIS: Delia Troanc\u0103\" data-ratio=\"1\" data-original-w=\"600\" data-src=\"https:\/\/tischool.ro\/wp-content\/uploads\/2023\/09\/echipa-troanca-delia.jpg\" \/>            \n                <\/div>\n    <\/div>\n\n<\/section><!-- widget-container -->\t\t\t\t<\/div>\n\t\t\t\t<\/div>\n\t\t\t\t<div class=\"elementor-element elementor-element-1b31fe3 elementor-widget elementor-widget-heading\" data-id=\"1b31fe3\" data-element_type=\"widget\" data-e-type=\"widget\" data-widget_type=\"heading.default\">\n\t\t\t\t<div class=\"elementor-widget-container\">\n\t\t\t\t\t<h1 class=\"elementor-heading-title elementor-size-default\">Delia Troanc\u0103<\/h1>\t\t\t\t<\/div>\n\t\t\t\t<\/div>\n\t\t\t\t<\/div>\n\t\t\t\t\t<\/div>\n\t\t\t\t<\/div>\n\t\t<div class=\"aux-parallax-section elementor-element elementor-element-5a040fe e-flex e-con-boxed e-con e-parent\" data-id=\"5a040fe\" data-element_type=\"container\" data-e-type=\"container\">\n\t\t\t\t\t<div class=\"e-con-inner\">\n\t\t<div class=\"elementor-element elementor-element-a786e84 e-con-full e-flex e-con e-child\" data-id=\"a786e84\" data-element_type=\"container\" data-e-type=\"container\">\n\t\t\t\t<div class=\"elementor-element elementor-element-3b7e489 elementor-widget elementor-widget-aux_modern_button\" data-id=\"3b7e489\" data-element_type=\"widget\" data-e-type=\"widget\" data-widget_type=\"aux_modern_button.default\">\n\t\t\t\t<div class=\"elementor-widget-container\">\n\t\t\t\t\t    <div class=\"aux-modern-button-wrapper aux-modern-button-align-left\" >\n                    <a class=\"aux-modern-button aux-black aux-modern-button-md aux-modern-button-curve aux-modern-button-default aux-icon-\" href=\"https:\/\/tischool.ro\/en\/echipa\/\">\n                <div class=\"aux-overlay\"><\/div>\n                                    <div class=\"aux-icon\">\n                                            <\/div>\n                                <div class=\"aux-text\">\n<span class=\"aux-text-before\">&lt;&lt; <\/span><span class=\"aux-text-highlighted\">\u00cenapoi la Echipa TIS<\/span>                <\/div>\n            <\/a>\n            \n    <\/div>\n\n    \t\t\t\t<\/div>\n\t\t\t\t<\/div>\n\t\t\t\t<\/div>\n\t\t\t\t\t<\/div>\n\t\t\t\t<\/div>\n\t\t\t\t<\/div>","protected":false},"excerpt":{"rendered":"<p>Echipa echipa TIS Delia Troanc\u0103 Teaching Assistant \u201dR\u0103d\u0103cinile educa\u021biei sunt amare, dar fructele sunt dulci\u201d &#8211; Aristotel Biografie: Educa\u021bia transform\u0103 viitorul oamenilor, iar frumuse\u021bea cunoa\u0219terii ne inspir\u0103 s\u0103 \u00eenv\u0103\u021b\u0103m ceva nou \u00een fiecare zi. \u00cen ceea ce prive\u0219te concep\u021bia proprie despre educa\u021bie, consider c\u0103 min\u021bile tinere au nevoie de o \u00eendrumare pres\u0103rat\u0103 cu iubire \u0219i [&hellip;]<\/p>\n","protected":false},"author":1,"featured_media":0,"parent":1049,"menu_order":0,"comment_status":"closed","ping_status":"closed","template":"templates\/page-builder-content.php","meta":{"footnotes":""},"class_list":["post-8540","page","type-page","status-publish","hentry"],"_links":{"self":[{"href":"https:\/\/tischool.ro\/en\/wp-json\/wp\/v2\/pages\/8540","targetHints":{"allow":["GET"]}}],"collection":[{"href":"https:\/\/tischool.ro\/en\/wp-json\/wp\/v2\/pages"}],"about":[{"href":"https:\/\/tischool.ro\/en\/wp-json\/wp\/v2\/types\/page"}],"author":[{"embeddable":true,"href":"https:\/\/tischool.ro\/en\/wp-json\/wp\/v2\/users\/1"}],"replies":[{"embeddable":true,"href":"https:\/\/tischool.ro\/en\/wp-json\/wp\/v2\/comments?post=8540"}],"version-history":[{"count":10,"href":"https:\/\/tischool.ro\/en\/wp-json\/wp\/v2\/pages\/8540\/revisions"}],"predecessor-version":[{"id":8602,"href":"https:\/\/tischool.ro\/en\/wp-json\/wp\/v2\/pages\/8540\/revisions\/8602"}],"up":[{"embeddable":true,"href":"https:\/\/tischool.ro\/en\/wp-json\/wp\/v2\/pages\/1049"}],"wp:attachment":[{"href":"https:\/\/tischool.ro\/en\/wp-json\/wp\/v2\/media?parent=8540"}],"curies":[{"name":"wp","href":"https:\/\/api.w.org\/{rel}","templated":true}]}}