{"id":8500,"date":"2023-09-19T19:38:38","date_gmt":"2023-09-19T16:38:38","guid":{"rendered":"https:\/\/tischool.ro\/?page_id=8500"},"modified":"2023-09-19T21:25:45","modified_gmt":"2023-09-19T18:25:45","slug":"echipa-radu-liliana","status":"publish","type":"page","link":"https:\/\/tischool.ro\/en\/echipa-1\/echipa-radu-liliana\/","title":{"rendered":"Echipa &#8211; Radu Liliana"},"content":{"rendered":"<div data-elementor-type=\"wp-page\" data-elementor-id=\"8500\" class=\"elementor elementor-8500\">\n\t\t\t\t\t\t<section class=\"elementor-section elementor-top-section elementor-element elementor-element-06fc9af elementor-section-full_width elementor-section-height-min-height elementor-section-height-default elementor-section-items-middle\" data-id=\"06fc9af\" data-element_type=\"section\" data-e-type=\"section\" data-settings=\"{&quot;background_background&quot;:&quot;classic&quot;}\">\n\t\t\t\t\t\t\t<div class=\"elementor-background-overlay\"><\/div>\n\t\t\t\t\t\t\t<div class=\"elementor-container elementor-column-gap-no\">\n\t\t\t\t\t<div class=\"aux-parallax-section elementor-column elementor-col-100 elementor-top-column elementor-element elementor-element-9b5fa64\" data-id=\"9b5fa64\" data-element_type=\"column\" data-e-type=\"column\">\n\t\t\t<div class=\"elementor-widget-wrap elementor-element-populated\">\n\t\t\t\t\t\t<section class=\"elementor-section elementor-inner-section elementor-element elementor-element-7d1f7de elementor-section-boxed elementor-section-height-default elementor-section-height-default\" data-id=\"7d1f7de\" data-element_type=\"section\" data-e-type=\"section\">\n\t\t\t\t\t\t<div class=\"elementor-container elementor-column-gap-default\">\n\t\t\t\t\t<div class=\"aux-parallax-section elementor-column elementor-col-100 elementor-inner-column elementor-element elementor-element-9beca5b\" data-id=\"9beca5b\" data-element_type=\"column\" data-e-type=\"column\">\n\t\t\t<div class=\"elementor-widget-wrap elementor-element-populated\">\n\t\t\t\t\t\t<div class=\"elementor-element elementor-element-a69ca98 aux-appear-watch-animation aux-fade-in-down elementor-widget elementor-widget-aux_modern_heading\" data-id=\"a69ca98\" data-element_type=\"widget\" data-e-type=\"widget\" data-widget_type=\"aux_modern_heading.default\">\n\t\t\t\t<div class=\"elementor-widget-container\">\n\t\t\t\t\t<section class=\"aux-widget-modern-heading\">\n            <div class=\"aux-widget-inner\"><h1 class=\"aux-modern-heading-primary\">Our team<\/h1><\/div>\n        <\/section>\t\t\t\t<\/div>\n\t\t\t\t<\/div>\n\t\t\t\t\t<\/div>\n\t\t<\/div>\n\t\t\t\t\t<\/div>\n\t\t<\/section>\n\t\t\t\t\t<\/div>\n\t\t<\/div>\n\t\t\t\t\t<\/div>\n\t\t<\/section>\n\t\t<div class=\"aux-parallax-section elementor-element elementor-element-f93212b e-flex e-con-boxed e-con e-parent\" data-id=\"f93212b\" data-element_type=\"container\" data-e-type=\"container\">\n\t\t\t\t\t<div class=\"e-con-inner\">\n\t\t<div class=\"elementor-element elementor-element-08f5998 e-con-full e-flex elementor-invisible e-con e-child\" data-id=\"08f5998\" data-element_type=\"container\" data-e-type=\"container\" data-settings=\"{&quot;animation&quot;:&quot;fadeInLeft&quot;}\">\n\t\t\t\t<div class=\"elementor-element elementor-element-e4e9a4b aux-appear-watch-animation aux-scale-up elementor-widget elementor-widget-aux_modern_heading\" data-id=\"e4e9a4b\" data-element_type=\"widget\" data-e-type=\"widget\" data-widget_type=\"aux_modern_heading.default\">\n\t\t\t\t<div class=\"elementor-widget-container\">\n\t\t\t\t\t<section class=\"aux-widget-modern-heading\">\n            <div class=\"aux-widget-inner\"><h2 class=\"aux-modern-heading-primary\">echipa TIS<\/h2><h2 class=\"aux-modern-heading-secondary\"><span class=\"aux-head-highlight\">Radu Liliana<\/span><\/h2><div class=\"aux-modern-heading-description\"><p><em>Primary teacher<\/em><\/p><\/div><\/div>\n        <\/section>\t\t\t\t<\/div>\n\t\t\t\t<\/div>\n\t\t\t\t<div class=\"elementor-element elementor-element-44a3531 elementor-widget__width-initial elementor-widget-tablet__width-inherit elementor-widget-mobile__width-inherit elementor-widget elementor-widget-text-editor\" data-id=\"44a3531\" data-element_type=\"widget\" data-e-type=\"widget\" data-widget_type=\"text-editor.default\">\n\t\t\t\t<div class=\"elementor-widget-container\">\n\t\t\t\t\t\t\t\t\t<p><em>\u201eEducarea min\u021bii f\u0103r\u0103 cea a inimii nu este educa\u021bie deloc.\u201d -Aristotel<\/em><\/p><h4>Biografie:<\/h4><p>Pentru mine iubirea este motorul care \u021bine \u00een via\u021b\u0103 educa\u021bia. Fac parte din familia Transylvania International School, \u00eendeplinind calitatea de \u0219i profesor \u00een ciclul primar. Pe perioada programului de licen\u021b\u0103 m-am bucurat de ocaziile \u00een care am luat contact cu copiii, prin intermediul diferitelor activit\u0103\u021bi la care am participat, dintre care men\u021bionez proiectul Engage, care a presupus voluntariatul \u00een cadrul mediilor defavorizate \u0219i cu risc crescut de abandon \u0219colar. Un alt context \u00een care am descoperit c\u0103 m\u0103 reg\u0103sesc \u00een postura de \u00eendrum\u0103tor a fost \u00een cadrul practicii pedagogice.<\/p><p>De asemenea, am fost membr\u0103 a cenaclului \u201eCorpul T\u201d, pasionat\u0103 fiind de scris \u0219i de lectur\u0103, aspect ce m\u0103 ajut\u0103 s\u0103 le ofer copiilor, prin intermediul cercului literar pe care \u00eel coordonez, satisfac\u021bia \u0219i pl\u0103cerea de a citi. \u00cen ceea ce prive\u0219te concep\u021bia proprie despre educa\u021bie, consider c\u0103 min\u021bile tinere au nevoie de o \u00eendrumare pres\u0103rat\u0103 cu iubire \u0219i \u00een\u021belegere.<\/p><p>Deoarece TIS formeaz\u0103 caractere, este important ca elevii no\u0219tri s\u0103 aib\u0103 parte de ceea ce este mai bun, de aceea ei trebuie \u00eenv\u0103\u021ba\u021bi c\u0103 educa\u021bia este un proces continuu, \u00een care valorile morale \u0219i spirituale se \u00eempletesc pentru a forma frumuse\u021bea unui caracter pl\u0103cut \u0219i benefic pentru societate.<\/p><h4>Educa\u021bie<\/h4><ul><li>Sportiv de performan\u021b\u0103<\/li><li>Facultatea de Teologie-Limba \u0219i literatura rom\u00e2n\u0103, 2001-2005, Universitatea Bucure\u0219ti, Institutul Teologic Adventist din Cernica<\/li><li>Modul I psihopedagogic, 2005, Universitatea Ecologic\u0103 Bucure\u0219ti Facultatea de Litere, specializarea Limb\u0103 \u0219i literatur\u0103 rom\u00e2n\u0103 \u2013 Limb\u0103 \u0219i literatur\u0103 englez\u0103, 2013-2015, Universitatea din Craiova<\/li><li>Cursuri specifice organizate de Inspectoratul Bucure\u0219ti \u0219i Prahova, pe diferite subiecte la disciplina limba englez\u0103 \u0219i alte discipline, 2013-2017, Bucure\u0219ti \u0219i Ploie\u0219ti<\/li><\/ul><h4>Experien\u021b\u0103 profesional\u0103<\/h4><p>Profesor englez\u0103, Seminarul Teologic Liceal Adventist, 1995-1997<\/p><ul><li>Profesor religie, Asocia\u021bia \u0218coala Mihai Ionescu, 2006-2010<\/li><li>Secretar\u0103, Uniunea de Conferin\u021be AZ\u0218, 1991- 2005<\/li><li>Profesor englez\u0103, Seminarul Teologic Liceal Adventist, 1995-1997<\/li><\/ul>\t\t\t\t\t\t\t\t<\/div>\n\t\t\t\t<\/div>\n\t\t\t\t<\/div>\n\t\t<div class=\"elementor-element elementor-element-a3a4918 e-con-full e-flex e-con e-child\" data-id=\"a3a4918\" data-element_type=\"container\" data-e-type=\"container\">\n\t\t\t\t<div class=\"elementor-element elementor-element-dd5a394 elementor-invisible elementor-widget elementor-widget-aux_image\" data-id=\"dd5a394\" data-element_type=\"widget\" data-e-type=\"widget\" data-settings=\"{&quot;_animation&quot;:&quot;fadeInRight&quot;}\" data-widget_type=\"aux_image.default\">\n\t\t\t\t<div class=\"elementor-widget-container\">\n\t\t\t\t\t<section class=\"widget-container aux-widget-image aux-alignnone aux-parent-au040eb0e3\">\n    <div class=\"aux-media-hint-frame\">\n        <div class=\"aux-media-image\" >\n        \n            \n\n            \n            <img fetchpriority=\"high\" decoding=\"async\" width=\"600\" height=\"600\" src=\"https:\/\/tischool.ro\/wp-content\/uploads\/2023\/09\/echipa-radu-liliana-40x40.jpg\" class=\"aux-attachment aux-featured-image aux-attachment-id-8460 aux-preload aux-has-preview\" alt=\"Echipa TIS: Radu Liliana\" data-ratio=\"1\" data-original-w=\"600\" data-src=\"https:\/\/tischool.ro\/wp-content\/uploads\/2023\/09\/echipa-radu-liliana.jpg\" \/>            \n                <\/div>\n    <\/div>\n\n<\/section><!-- widget-container -->\t\t\t\t<\/div>\n\t\t\t\t<\/div>\n\t\t\t\t<div class=\"elementor-element elementor-element-1b31fe3 elementor-widget elementor-widget-heading\" data-id=\"1b31fe3\" data-element_type=\"widget\" data-e-type=\"widget\" data-widget_type=\"heading.default\">\n\t\t\t\t<div class=\"elementor-widget-container\">\n\t\t\t\t\t<h1 class=\"elementor-heading-title elementor-size-default\">Radu Liliana<\/h1>\t\t\t\t<\/div>\n\t\t\t\t<\/div>\n\t\t\t\t<\/div>\n\t\t\t\t\t<\/div>\n\t\t\t\t<\/div>\n\t\t<div class=\"aux-parallax-section elementor-element elementor-element-5a040fe e-flex e-con-boxed e-con e-parent\" data-id=\"5a040fe\" data-element_type=\"container\" data-e-type=\"container\">\n\t\t\t\t\t<div class=\"e-con-inner\">\n\t\t<div class=\"elementor-element elementor-element-a786e84 e-con-full e-flex e-con e-child\" data-id=\"a786e84\" data-element_type=\"container\" data-e-type=\"container\">\n\t\t\t\t<div class=\"elementor-element elementor-element-3b7e489 elementor-widget elementor-widget-aux_modern_button\" data-id=\"3b7e489\" data-element_type=\"widget\" data-e-type=\"widget\" data-widget_type=\"aux_modern_button.default\">\n\t\t\t\t<div class=\"elementor-widget-container\">\n\t\t\t\t\t    <div class=\"aux-modern-button-wrapper aux-modern-button-align-left\" >\n                    <a class=\"aux-modern-button aux-black aux-modern-button-md aux-modern-button-curve aux-modern-button-default aux-icon-\" href=\"https:\/\/tischool.ro\/en\/echipa\/\">\n                <div class=\"aux-overlay\"><\/div>\n                                    <div class=\"aux-icon\">\n                                            <\/div>\n                                <div class=\"aux-text\">\n<span class=\"aux-text-before\">&lt;&lt; <\/span><span class=\"aux-text-highlighted\">\u00cenapoi la Echipa TIS<\/span>                <\/div>\n            <\/a>\n            \n    <\/div>\n\n    \t\t\t\t<\/div>\n\t\t\t\t<\/div>\n\t\t\t\t<\/div>\n\t\t\t\t\t<\/div>\n\t\t\t\t<\/div>\n\t\t\t\t<\/div>","protected":false},"excerpt":{"rendered":"<p>Echipa echipa TIS Radu Liliana Primary teacher \u201eEducarea min\u021bii f\u0103r\u0103 cea a inimii nu este educa\u021bie deloc.\u201d -Aristotel Biografie: Pentru mine iubirea este motorul care \u021bine \u00een via\u021b\u0103 educa\u021bia. Fac parte din familia Transylvania International School, \u00eendeplinind calitatea de \u0219i profesor \u00een ciclul primar. Pe perioada programului de licen\u021b\u0103 m-am bucurat de ocaziile \u00een care [&hellip;]<\/p>\n","protected":false},"author":1,"featured_media":0,"parent":1049,"menu_order":0,"comment_status":"closed","ping_status":"closed","template":"templates\/page-builder-content.php","meta":{"footnotes":""},"class_list":["post-8500","page","type-page","status-publish","hentry"],"_links":{"self":[{"href":"https:\/\/tischool.ro\/en\/wp-json\/wp\/v2\/pages\/8500","targetHints":{"allow":["GET"]}}],"collection":[{"href":"https:\/\/tischool.ro\/en\/wp-json\/wp\/v2\/pages"}],"about":[{"href":"https:\/\/tischool.ro\/en\/wp-json\/wp\/v2\/types\/page"}],"author":[{"embeddable":true,"href":"https:\/\/tischool.ro\/en\/wp-json\/wp\/v2\/users\/1"}],"replies":[{"embeddable":true,"href":"https:\/\/tischool.ro\/en\/wp-json\/wp\/v2\/comments?post=8500"}],"version-history":[{"count":10,"href":"https:\/\/tischool.ro\/en\/wp-json\/wp\/v2\/pages\/8500\/revisions"}],"predecessor-version":[{"id":8596,"href":"https:\/\/tischool.ro\/en\/wp-json\/wp\/v2\/pages\/8500\/revisions\/8596"}],"up":[{"embeddable":true,"href":"https:\/\/tischool.ro\/en\/wp-json\/wp\/v2\/pages\/1049"}],"wp:attachment":[{"href":"https:\/\/tischool.ro\/en\/wp-json\/wp\/v2\/media?parent=8500"}],"curies":[{"name":"wp","href":"https:\/\/api.w.org\/{rel}","templated":true}]}}