{"id":8486,"date":"2023-09-19T19:34:42","date_gmt":"2023-09-19T16:34:42","guid":{"rendered":"https:\/\/tischool.ro\/?page_id=8486"},"modified":"2023-09-19T20:17:01","modified_gmt":"2023-09-19T17:17:01","slug":"echipa-enuta-codruta","status":"publish","type":"page","link":"https:\/\/tischool.ro\/en\/echipa-1\/echipa-enuta-codruta\/","title":{"rendered":"Echipa &#8211; Enu\u021b\u0103 Codru\u021ba"},"content":{"rendered":"<div data-elementor-type=\"wp-page\" data-elementor-id=\"8486\" class=\"elementor elementor-8486\">\n\t\t\t\t\t\t<section class=\"elementor-section elementor-top-section elementor-element elementor-element-06fc9af elementor-section-full_width elementor-section-height-min-height elementor-section-height-default elementor-section-items-middle\" data-id=\"06fc9af\" data-element_type=\"section\" data-e-type=\"section\" data-settings=\"{&quot;background_background&quot;:&quot;classic&quot;}\">\n\t\t\t\t\t\t\t<div class=\"elementor-background-overlay\"><\/div>\n\t\t\t\t\t\t\t<div class=\"elementor-container elementor-column-gap-no\">\n\t\t\t\t\t<div class=\"aux-parallax-section elementor-column elementor-col-100 elementor-top-column elementor-element elementor-element-9b5fa64\" data-id=\"9b5fa64\" data-element_type=\"column\" data-e-type=\"column\">\n\t\t\t<div class=\"elementor-widget-wrap elementor-element-populated\">\n\t\t\t\t\t\t<section class=\"elementor-section elementor-inner-section elementor-element elementor-element-7d1f7de elementor-section-boxed elementor-section-height-default elementor-section-height-default\" data-id=\"7d1f7de\" data-element_type=\"section\" data-e-type=\"section\">\n\t\t\t\t\t\t<div class=\"elementor-container elementor-column-gap-default\">\n\t\t\t\t\t<div class=\"aux-parallax-section elementor-column elementor-col-100 elementor-inner-column elementor-element elementor-element-9beca5b\" data-id=\"9beca5b\" data-element_type=\"column\" data-e-type=\"column\">\n\t\t\t<div class=\"elementor-widget-wrap elementor-element-populated\">\n\t\t\t\t\t\t<div class=\"elementor-element elementor-element-a69ca98 aux-appear-watch-animation aux-fade-in-down elementor-widget elementor-widget-aux_modern_heading\" data-id=\"a69ca98\" data-element_type=\"widget\" data-e-type=\"widget\" data-widget_type=\"aux_modern_heading.default\">\n\t\t\t\t<div class=\"elementor-widget-container\">\n\t\t\t\t\t<section class=\"aux-widget-modern-heading\">\n            <div class=\"aux-widget-inner\"><h1 class=\"aux-modern-heading-primary\">Our team<\/h1><\/div>\n        <\/section>\t\t\t\t<\/div>\n\t\t\t\t<\/div>\n\t\t\t\t\t<\/div>\n\t\t<\/div>\n\t\t\t\t\t<\/div>\n\t\t<\/section>\n\t\t\t\t\t<\/div>\n\t\t<\/div>\n\t\t\t\t\t<\/div>\n\t\t<\/section>\n\t\t<div class=\"aux-parallax-section elementor-element elementor-element-f93212b e-flex e-con-boxed e-con e-parent\" data-id=\"f93212b\" data-element_type=\"container\" data-e-type=\"container\">\n\t\t\t\t\t<div class=\"e-con-inner\">\n\t\t<div class=\"elementor-element elementor-element-08f5998 e-con-full e-flex elementor-invisible e-con e-child\" data-id=\"08f5998\" data-element_type=\"container\" data-e-type=\"container\" data-settings=\"{&quot;animation&quot;:&quot;fadeInLeft&quot;}\">\n\t\t\t\t<div class=\"elementor-element elementor-element-e4e9a4b aux-appear-watch-animation aux-scale-up elementor-widget elementor-widget-aux_modern_heading\" data-id=\"e4e9a4b\" data-element_type=\"widget\" data-e-type=\"widget\" data-widget_type=\"aux_modern_heading.default\">\n\t\t\t\t<div class=\"elementor-widget-container\">\n\t\t\t\t\t<section class=\"aux-widget-modern-heading\">\n            <div class=\"aux-widget-inner\"><h2 class=\"aux-modern-heading-primary\">echipa TIS<\/h2><h2 class=\"aux-modern-heading-secondary\"><span class=\"aux-head-highlight\">Codru\u021ba Enu\u021b\u0103<\/span><\/h2><div class=\"aux-modern-heading-description\"><p><em>Education counselor, Teacher<\/em><\/p><\/div><\/div>\n        <\/section>\t\t\t\t<\/div>\n\t\t\t\t<\/div>\n\t\t\t\t<div class=\"elementor-element elementor-element-44a3531 elementor-widget__width-initial elementor-widget-tablet__width-inherit elementor-widget-mobile__width-inherit elementor-widget elementor-widget-text-editor\" data-id=\"44a3531\" data-element_type=\"widget\" data-e-type=\"widget\" data-widget_type=\"text-editor.default\">\n\t\t\t\t<div class=\"elementor-widget-container\">\n\t\t\t\t\t\t\t\t\t<p><em>Educating the mind without educating the heart is no education at all.<\/em><\/p><h4>Biografie:<\/h4><p>Vacan\u021bele mele de var\u0103 din cei 12 ani de \u0219coal\u0103 \u0219i apoi chiar \u0219i vacan\u021bele de la facultate au fost marcate de multe tabere.<br \/><br \/>\u00cen primii ani am fost un simplu participant, dar apoi am \u00eenceput s\u0103 m\u0103 implic ca ajutor de instructor, ulterior ca instructor, iar acest lucru mi-a adus satisfac\u021bii uria\u0219e. Am lucrat cu toate categoriile de v\u00e2rst\u0103 (clasele I-XII \u00een cadrul Asocia\u021biei Exploratori pentru Viitor), astfel c\u0103 \u00een timpul facult\u0103\u021bii am ajuns \u0219i la Asocia\u021bia studen\u021beasc\u0103 AMiCUS. Timp de trei ani am f\u0103cut parte din comitetul filialei de la Bra\u0219ov (responsabil departament secretariat, recreativ, respectiv pre\u0219edinte). Studiul la Facultatea de Litere mi-a dezvoltat cuno\u0219tin\u021bele de limba englez\u0103 \u0219i german\u0103.<br \/><br \/>Toate aceste activit\u0103\u021bi m-au f\u0103cut s\u0103 con\u0219tientizez c\u0103 a lucra cu copiii \u0219i a face parte din echipa de oameni care \u00eenlesnesc astfel de activit\u0103\u021bi presupune, pe l\u00e2ng\u0103 o responsabilitate foarte mare, o bucurie de care doresc s\u0103 am parte \u0219i \u00een continuare.<\/p><h4>Educa\u021bie<\/h4><ul><li>Facultatea de litere, UNITBV<\/li><\/ul>\t\t\t\t\t\t\t\t<\/div>\n\t\t\t\t<\/div>\n\t\t\t\t<\/div>\n\t\t<div class=\"elementor-element elementor-element-a3a4918 e-con-full e-flex e-con e-child\" data-id=\"a3a4918\" data-element_type=\"container\" data-e-type=\"container\">\n\t\t\t\t<div class=\"elementor-element elementor-element-dd5a394 elementor-invisible elementor-widget elementor-widget-aux_image\" data-id=\"dd5a394\" data-element_type=\"widget\" data-e-type=\"widget\" data-settings=\"{&quot;_animation&quot;:&quot;fadeInRight&quot;}\" data-widget_type=\"aux_image.default\">\n\t\t\t\t<div class=\"elementor-widget-container\">\n\t\t\t\t\t<section class=\"widget-container aux-widget-image aux-alignnone aux-parent-au76704f26\">\n    <div class=\"aux-media-hint-frame\">\n        <div class=\"aux-media-image\" >\n        \n            \n\n            \n            <img fetchpriority=\"high\" decoding=\"async\" width=\"600\" height=\"600\" src=\"https:\/\/tischool.ro\/wp-content\/uploads\/2023\/09\/echipa-enuta-codruta-40x40.jpg\" class=\"aux-attachment aux-featured-image aux-attachment-id-8457 aux-preload aux-has-preview\" alt=\"Echipa TIS: Codru\u021ba Enu\u021b\u0103\" data-ratio=\"1\" data-original-w=\"600\" data-src=\"https:\/\/tischool.ro\/wp-content\/uploads\/2023\/09\/echipa-enuta-codruta.jpg\" \/>            \n                <\/div>\n    <\/div>\n\n<\/section><!-- widget-container -->\t\t\t\t<\/div>\n\t\t\t\t<\/div>\n\t\t\t\t<div class=\"elementor-element elementor-element-1b31fe3 elementor-widget elementor-widget-heading\" data-id=\"1b31fe3\" data-element_type=\"widget\" data-e-type=\"widget\" data-widget_type=\"heading.default\">\n\t\t\t\t<div class=\"elementor-widget-container\">\n\t\t\t\t\t<h1 class=\"elementor-heading-title elementor-size-default\">Codru\u021ba Enu\u021b\u0103<\/h1>\t\t\t\t<\/div>\n\t\t\t\t<\/div>\n\t\t\t\t<\/div>\n\t\t\t\t\t<\/div>\n\t\t\t\t<\/div>\n\t\t<div class=\"aux-parallax-section elementor-element elementor-element-5a040fe e-flex e-con-boxed e-con e-parent\" data-id=\"5a040fe\" data-element_type=\"container\" data-e-type=\"container\">\n\t\t\t\t\t<div class=\"e-con-inner\">\n\t\t<div class=\"elementor-element elementor-element-a786e84 e-con-full e-flex e-con e-child\" data-id=\"a786e84\" data-element_type=\"container\" data-e-type=\"container\">\n\t\t\t\t<div class=\"elementor-element elementor-element-3b7e489 elementor-widget elementor-widget-aux_modern_button\" data-id=\"3b7e489\" data-element_type=\"widget\" data-e-type=\"widget\" data-widget_type=\"aux_modern_button.default\">\n\t\t\t\t<div class=\"elementor-widget-container\">\n\t\t\t\t\t    <div class=\"aux-modern-button-wrapper aux-modern-button-align-left\" >\n                    <a class=\"aux-modern-button aux-black aux-modern-button-md aux-modern-button-curve aux-modern-button-default aux-icon-\" href=\"https:\/\/tischool.ro\/en\/echipa\/\">\n                <div class=\"aux-overlay\"><\/div>\n                                    <div class=\"aux-icon\">\n                                            <\/div>\n                                <div class=\"aux-text\">\n<span class=\"aux-text-before\">&lt;&lt; <\/span><span class=\"aux-text-highlighted\">\u00cenapoi la Echipa TIS<\/span>                <\/div>\n            <\/a>\n            \n    <\/div>\n\n    \t\t\t\t<\/div>\n\t\t\t\t<\/div>\n\t\t\t\t<\/div>\n\t\t\t\t\t<\/div>\n\t\t\t\t<\/div>\n\t\t\t\t<\/div>","protected":false},"excerpt":{"rendered":"<p>Echipa echipa TIS Codru\u021ba Enu\u021b\u0103 Education counselor, Teacher Educating the mind without educating the heart is no education at all. Biografie: Vacan\u021bele mele de var\u0103 din cei 12 ani de \u0219coal\u0103 \u0219i apoi chiar \u0219i vacan\u021bele de la facultate au fost marcate de multe tabere. \u00cen primii ani am fost un simplu participant, dar apoi [&hellip;]<\/p>\n","protected":false},"author":1,"featured_media":0,"parent":1049,"menu_order":0,"comment_status":"closed","ping_status":"closed","template":"templates\/page-builder-content.php","meta":{"footnotes":""},"class_list":["post-8486","page","type-page","status-publish","hentry"],"_links":{"self":[{"href":"https:\/\/tischool.ro\/en\/wp-json\/wp\/v2\/pages\/8486","targetHints":{"allow":["GET"]}}],"collection":[{"href":"https:\/\/tischool.ro\/en\/wp-json\/wp\/v2\/pages"}],"about":[{"href":"https:\/\/tischool.ro\/en\/wp-json\/wp\/v2\/types\/page"}],"author":[{"embeddable":true,"href":"https:\/\/tischool.ro\/en\/wp-json\/wp\/v2\/users\/1"}],"replies":[{"embeddable":true,"href":"https:\/\/tischool.ro\/en\/wp-json\/wp\/v2\/comments?post=8486"}],"version-history":[{"count":16,"href":"https:\/\/tischool.ro\/en\/wp-json\/wp\/v2\/pages\/8486\/revisions"}],"predecessor-version":[{"id":8572,"href":"https:\/\/tischool.ro\/en\/wp-json\/wp\/v2\/pages\/8486\/revisions\/8572"}],"up":[{"embeddable":true,"href":"https:\/\/tischool.ro\/en\/wp-json\/wp\/v2\/pages\/1049"}],"wp:attachment":[{"href":"https:\/\/tischool.ro\/en\/wp-json\/wp\/v2\/media?parent=8486"}],"curies":[{"name":"wp","href":"https:\/\/api.w.org\/{rel}","templated":true}]}}