{"id":8445,"date":"2023-09-19T18:54:55","date_gmt":"2023-09-19T15:54:55","guid":{"rendered":"https:\/\/tischool.ro\/?page_id=8445"},"modified":"2023-09-19T20:24:09","modified_gmt":"2023-09-19T17:24:09","slug":"echipa-marian-aron","status":"publish","type":"page","link":"https:\/\/tischool.ro\/en\/echipa-1\/echipa-marian-aron\/","title":{"rendered":"Echipa &#8211; Marian Aron"},"content":{"rendered":"<div data-elementor-type=\"wp-page\" data-elementor-id=\"8445\" class=\"elementor elementor-8445\">\n\t\t\t\t\t\t<section class=\"elementor-section elementor-top-section elementor-element elementor-element-06fc9af elementor-section-full_width elementor-section-height-min-height elementor-section-height-default elementor-section-items-middle\" data-id=\"06fc9af\" data-element_type=\"section\" data-e-type=\"section\" data-settings=\"{&quot;background_background&quot;:&quot;classic&quot;}\">\n\t\t\t\t\t\t\t<div class=\"elementor-background-overlay\"><\/div>\n\t\t\t\t\t\t\t<div class=\"elementor-container elementor-column-gap-no\">\n\t\t\t\t\t<div class=\"aux-parallax-section elementor-column elementor-col-100 elementor-top-column elementor-element elementor-element-9b5fa64\" data-id=\"9b5fa64\" data-element_type=\"column\" data-e-type=\"column\">\n\t\t\t<div class=\"elementor-widget-wrap elementor-element-populated\">\n\t\t\t\t\t\t<section class=\"elementor-section elementor-inner-section elementor-element elementor-element-7d1f7de elementor-section-boxed elementor-section-height-default elementor-section-height-default\" data-id=\"7d1f7de\" data-element_type=\"section\" data-e-type=\"section\">\n\t\t\t\t\t\t<div class=\"elementor-container elementor-column-gap-default\">\n\t\t\t\t\t<div class=\"aux-parallax-section elementor-column elementor-col-100 elementor-inner-column elementor-element elementor-element-9beca5b\" data-id=\"9beca5b\" data-element_type=\"column\" data-e-type=\"column\">\n\t\t\t<div class=\"elementor-widget-wrap elementor-element-populated\">\n\t\t\t\t\t\t<div class=\"elementor-element elementor-element-a69ca98 aux-appear-watch-animation aux-fade-in-down elementor-widget elementor-widget-aux_modern_heading\" data-id=\"a69ca98\" data-element_type=\"widget\" data-e-type=\"widget\" data-widget_type=\"aux_modern_heading.default\">\n\t\t\t\t<div class=\"elementor-widget-container\">\n\t\t\t\t\t<section class=\"aux-widget-modern-heading\">\n            <div class=\"aux-widget-inner\"><h1 class=\"aux-modern-heading-primary\">Our team<\/h1><\/div>\n        <\/section>\t\t\t\t<\/div>\n\t\t\t\t<\/div>\n\t\t\t\t\t<\/div>\n\t\t<\/div>\n\t\t\t\t\t<\/div>\n\t\t<\/section>\n\t\t\t\t\t<\/div>\n\t\t<\/div>\n\t\t\t\t\t<\/div>\n\t\t<\/section>\n\t\t<div class=\"aux-parallax-section elementor-element elementor-element-f93212b e-flex e-con-boxed e-con e-parent\" data-id=\"f93212b\" data-element_type=\"container\" data-e-type=\"container\">\n\t\t\t\t\t<div class=\"e-con-inner\">\n\t\t<div class=\"elementor-element elementor-element-08f5998 e-con-full e-flex elementor-invisible e-con e-child\" data-id=\"08f5998\" data-element_type=\"container\" data-e-type=\"container\" data-settings=\"{&quot;animation&quot;:&quot;fadeInLeft&quot;}\">\n\t\t\t\t<div class=\"elementor-element elementor-element-e4e9a4b aux-appear-watch-animation aux-scale-up elementor-widget elementor-widget-aux_modern_heading\" data-id=\"e4e9a4b\" data-element_type=\"widget\" data-e-type=\"widget\" data-widget_type=\"aux_modern_heading.default\">\n\t\t\t\t<div class=\"elementor-widget-container\">\n\t\t\t\t\t<section class=\"aux-widget-modern-heading\">\n            <div class=\"aux-widget-inner\"><h2 class=\"aux-modern-heading-primary\">echipa TIS<\/h2><h2 class=\"aux-modern-heading-secondary\"><span class=\"aux-head-highlight\">Marian Aron<\/span><\/h2><div class=\"aux-modern-heading-description\"><p><em>Fondator<\/em><\/p><\/div><\/div>\n        <\/section>\t\t\t\t<\/div>\n\t\t\t\t<\/div>\n\t\t\t\t<div class=\"elementor-element elementor-element-44a3531 elementor-widget__width-initial elementor-widget-tablet__width-inherit elementor-widget-mobile__width-inherit elementor-widget elementor-widget-text-editor\" data-id=\"44a3531\" data-element_type=\"widget\" data-e-type=\"widget\" data-widget_type=\"text-editor.default\">\n\t\t\t\t<div class=\"elementor-widget-container\">\n\t\t\t\t\t\t\t\t\t<h4>Biografie:<\/h4><ul><li>Am lucrat cu toate categoriile de oameni, dar bucuria implic\u0103rii \u00een activit\u0103\u021bile cu copiii am avut-o \u00een vacan\u021bele studen\u021biei \u2013 atunci c\u00e2nd am coordonat proiecte de voluntariat cu peste o sut\u0103 de copii \u0219i tineri.<\/li><li>\u00cempreun\u0103 cu so\u021bia mea am fost ini\u021biatorii unor cluburi de copii \u0219i adolescen\u021bi \u00een Videle. Acolo am fondat \u0219i un cor de 30 de copii ce c\u00e2ntau cu clopo\u021beii.<\/li><li><span class=\"gdlr-core-icon-list-content\" style=\"font-size: 17px; text-transform: none;\">Av\u00e2nd satisfac\u021bii, am conceput \u0219i \u00een Bra\u0219ov un club de copii (Aronia).<\/span><\/li><li>\u00cen mai multe \u0219coli \u0219i licee din Romania am fost coordonator \u00een proiectul antidrog: \u201ePreven\u021bia anuleaz\u0103 deten\u021bia\u201d<\/li><li>M\u0103 bucur s\u0103 fac parte dintr-o echip\u0103 de profesioni\u0219ti ce are acela\u0219i deziderat: EXCELEN\u021a\u0102 \u00ceN EDUCA\u021aIE<\/li><\/ul><h4>Educa\u021bie<\/h4><ul><li>Facultatea de Teologie Adventus Bucure\u0219ti<\/li><li>Master \u00een Consiliere Psihologic\u0103<\/li><\/ul>\t\t\t\t\t\t\t\t<\/div>\n\t\t\t\t<\/div>\n\t\t\t\t<\/div>\n\t\t<div class=\"elementor-element elementor-element-a3a4918 e-con-full e-flex e-con e-child\" data-id=\"a3a4918\" data-element_type=\"container\" data-e-type=\"container\">\n\t\t\t\t<div class=\"elementor-element elementor-element-dd5a394 elementor-invisible elementor-widget elementor-widget-aux_image\" data-id=\"dd5a394\" data-element_type=\"widget\" data-e-type=\"widget\" data-settings=\"{&quot;_animation&quot;:&quot;fadeInRight&quot;}\" data-widget_type=\"aux_image.default\">\n\t\t\t\t<div class=\"elementor-widget-container\">\n\t\t\t\t\t<section class=\"widget-container aux-widget-image aux-alignnone aux-parent-au1bd0f33d\">\n    <div class=\"aux-media-hint-frame\">\n        <div class=\"aux-media-image\" >\n        \n            \n\n            \n            <img fetchpriority=\"high\" decoding=\"async\" width=\"600\" height=\"600\" src=\"https:\/\/tischool.ro\/wp-content\/uploads\/2023\/09\/echipa-marian-aron-40x40.jpg\" class=\"aux-attachment aux-featured-image aux-attachment-id-8455 aux-preload aux-has-preview\" alt=\"Echipa TIS: Marian Aron\" data-ratio=\"1\" data-original-w=\"600\" data-src=\"https:\/\/tischool.ro\/wp-content\/uploads\/2023\/09\/echipa-marian-aron.jpg\" \/>            \n                <\/div>\n    <\/div>\n\n<\/section><!-- widget-container -->\t\t\t\t<\/div>\n\t\t\t\t<\/div>\n\t\t\t\t<div class=\"elementor-element elementor-element-1b31fe3 elementor-widget elementor-widget-heading\" data-id=\"1b31fe3\" data-element_type=\"widget\" data-e-type=\"widget\" data-widget_type=\"heading.default\">\n\t\t\t\t<div class=\"elementor-widget-container\">\n\t\t\t\t\t<h1 class=\"elementor-heading-title elementor-size-default\">Marian Aron<\/h1>\t\t\t\t<\/div>\n\t\t\t\t<\/div>\n\t\t\t\t<\/div>\n\t\t\t\t\t<\/div>\n\t\t\t\t<\/div>\n\t\t<div class=\"aux-parallax-section elementor-element elementor-element-5a040fe e-flex e-con-boxed e-con e-parent\" data-id=\"5a040fe\" data-element_type=\"container\" data-e-type=\"container\">\n\t\t\t\t\t<div class=\"e-con-inner\">\n\t\t<div class=\"elementor-element elementor-element-a786e84 e-con-full e-flex e-con e-child\" data-id=\"a786e84\" data-element_type=\"container\" data-e-type=\"container\">\n\t\t\t\t<div class=\"elementor-element elementor-element-3b7e489 elementor-widget elementor-widget-aux_modern_button\" data-id=\"3b7e489\" data-element_type=\"widget\" data-e-type=\"widget\" data-widget_type=\"aux_modern_button.default\">\n\t\t\t\t<div class=\"elementor-widget-container\">\n\t\t\t\t\t    <div class=\"aux-modern-button-wrapper aux-modern-button-align-left\" >\n                    <a class=\"aux-modern-button aux-black aux-modern-button-md aux-modern-button-curve aux-modern-button-default aux-icon-\" href=\"https:\/\/tischool.ro\/en\/echipa\/\">\n                <div class=\"aux-overlay\"><\/div>\n                                    <div class=\"aux-icon\">\n                                            <\/div>\n                                <div class=\"aux-text\">\n<span class=\"aux-text-before\">&lt;&lt; <\/span><span class=\"aux-text-highlighted\">\u00cenapoi la Echipa TIS<\/span>                <\/div>\n            <\/a>\n            \n    <\/div>\n\n    \t\t\t\t<\/div>\n\t\t\t\t<\/div>\n\t\t\t\t<\/div>\n\t\t\t\t\t<\/div>\n\t\t\t\t<\/div>\n\t\t\t\t<\/div>","protected":false},"excerpt":{"rendered":"<p>Echipa echipa TIS Marian Aron Fondator Biografie: Am lucrat cu toate categoriile de oameni, dar bucuria implic\u0103rii \u00een activit\u0103\u021bile cu copiii am avut-o \u00een vacan\u021bele studen\u021biei \u2013 atunci c\u00e2nd am coordonat proiecte de voluntariat cu peste o sut\u0103 de copii \u0219i tineri. \u00cempreun\u0103 cu so\u021bia mea am fost ini\u021biatorii unor cluburi de copii \u0219i adolescen\u021bi [&hellip;]<\/p>\n","protected":false},"author":1,"featured_media":0,"parent":1049,"menu_order":0,"comment_status":"closed","ping_status":"closed","template":"templates\/page-builder-content.php","meta":{"footnotes":""},"class_list":["post-8445","page","type-page","status-publish","hentry"],"_links":{"self":[{"href":"https:\/\/tischool.ro\/en\/wp-json\/wp\/v2\/pages\/8445","targetHints":{"allow":["GET"]}}],"collection":[{"href":"https:\/\/tischool.ro\/en\/wp-json\/wp\/v2\/pages"}],"about":[{"href":"https:\/\/tischool.ro\/en\/wp-json\/wp\/v2\/types\/page"}],"author":[{"embeddable":true,"href":"https:\/\/tischool.ro\/en\/wp-json\/wp\/v2\/users\/1"}],"replies":[{"embeddable":true,"href":"https:\/\/tischool.ro\/en\/wp-json\/wp\/v2\/comments?post=8445"}],"version-history":[{"count":16,"href":"https:\/\/tischool.ro\/en\/wp-json\/wp\/v2\/pages\/8445\/revisions"}],"predecessor-version":[{"id":8575,"href":"https:\/\/tischool.ro\/en\/wp-json\/wp\/v2\/pages\/8445\/revisions\/8575"}],"up":[{"embeddable":true,"href":"https:\/\/tischool.ro\/en\/wp-json\/wp\/v2\/pages\/1049"}],"wp:attachment":[{"href":"https:\/\/tischool.ro\/en\/wp-json\/wp\/v2\/media?parent=8445"}],"curies":[{"name":"wp","href":"https:\/\/api.w.org\/{rel}","templated":true}]}}