{"id":3449,"date":"2023-09-14T15:35:38","date_gmt":"2023-09-14T12:35:38","guid":{"rendered":"https:\/\/tischool.ro\/?page_id=3449"},"modified":"2026-03-23T17:58:37","modified_gmt":"2026-03-23T15:58:37","slug":"gradinita","status":"publish","type":"page","link":"https:\/\/tischool.ro\/en\/gradinita\/","title":{"rendered":"Gradinita"},"content":{"rendered":"<div data-elementor-type=\"wp-page\" data-elementor-id=\"3449\" class=\"elementor elementor-3449\">\n\t\t\t\t\t\t<section class=\"elementor-section elementor-top-section elementor-element elementor-element-06fc9af elementor-section-full_width elementor-section-height-min-height elementor-section-height-default elementor-section-items-middle\" data-id=\"06fc9af\" data-element_type=\"section\" data-e-type=\"section\" data-settings=\"{&quot;background_background&quot;:&quot;classic&quot;}\">\n\t\t\t\t\t\t\t<div class=\"elementor-background-overlay\"><\/div>\n\t\t\t\t\t\t\t<div class=\"elementor-container elementor-column-gap-no\">\n\t\t\t\t\t<div class=\"aux-parallax-section elementor-column elementor-col-100 elementor-top-column elementor-element elementor-element-9b5fa64\" data-id=\"9b5fa64\" data-element_type=\"column\" data-e-type=\"column\">\n\t\t\t<div class=\"elementor-widget-wrap elementor-element-populated\">\n\t\t\t\t<div class=\"aux-parallax-section elementor-element elementor-element-c112577 e-con-full e-flex e-con e-parent\" data-id=\"c112577\" data-element_type=\"container\" data-e-type=\"container\">\n\t\t<div class=\"elementor-element elementor-element-e0bd532 e-con-full e-flex e-con e-child\" data-id=\"e0bd532\" data-element_type=\"container\" data-e-type=\"container\">\n\t\t\t\t<div class=\"elementor-element elementor-element-e8cd5af aux-appear-watch-animation aux-fade-in-down elementor-widget elementor-widget-aux_modern_heading\" data-id=\"e8cd5af\" data-element_type=\"widget\" data-e-type=\"widget\" data-widget_type=\"aux_modern_heading.default\">\n\t\t\t\t<div class=\"elementor-widget-container\">\n\t\t\t\t\t<section class=\"aux-widget-modern-heading\">\n            <div class=\"aux-widget-inner\"><h1 class=\"aux-modern-heading-primary\">Early learning<\/h1><\/div>\n        <\/section>\t\t\t\t<\/div>\n\t\t\t\t<\/div>\n\t\t\t\t<\/div>\n\t\t\t\t<\/div>\n\t\t\t\t\t<\/div>\n\t\t<\/div>\n\t\t\t\t\t<\/div>\n\t\t<\/section>\n\t\t<div class=\"aux-parallax-section elementor-element elementor-element-52ed922 e-flex e-con-boxed e-con e-parent\" data-id=\"52ed922\" data-element_type=\"container\" data-e-type=\"container\">\n\t\t\t\t\t<div class=\"e-con-inner\">\n\t\t\t\t<div class=\"elementor-element elementor-element-7b36867 elementor-widget__width-initial elementor-widget-mobile__width-inherit elementor-widget elementor-widget-text-editor\" data-id=\"7b36867\" data-element_type=\"widget\" data-e-type=\"widget\" data-widget_type=\"text-editor.default\">\n\t\t\t\t<div class=\"elementor-widget-container\">\n\t\t\t\t\t\t\t\t\t<h2>Mission<\/h2><p><strong>Transylvania International School<\/strong> offers a pre-university education based on a\nholistic philosophy of education. This involves high academic standards that prepare\nstudents for the best high schools and universities in Romania and around the world,\nassisting them in their intellectual, personal, social, emotional, physical and spiritual\ndevelopment, as well as attention to a healthy and balanced lifestyle.<\/p><p>TIS wants to support students in forming a critical spirit, nurturing curiosity and stimulating creativity, so that they can contribute, throughout their lives, to the good of people and society, in the spirit of Christian values.<\/p><h2>Vision<\/h2><p><strong>Transylvania International School<\/strong> promotes a holistic philosophy of education from a Christian perspective.<\/p><p>It is an environment where:<\/p><ul><li>respects the student's own pace by creating a non-competitive, student-centered environment centered on the student and his\/her needs, in line with those learning competencies speci\ufb01c to the 21st century (pilot school in accelerated learning, mentoring, counseling and guidance in a universal learning framework, etc.);<\/li><li>freedom of expression and critical thinking is encouraged (through subjects such as <em>life skills<\/em>, neuroscience and critical thinking, character development, etc.);<\/li><li>cultivating a love of nature and fellow human beings (mini zoo, lake, orchard,\ngenerous green spaces, planting plots, social projects, camps, charitable projects,\nparents' school, etc.);<\/li><li>emphasis is placed on physical development (sports are practised, sports and\ntechnical activities are organised, etc.);<\/li><li>the development of emotional and social intelligence is encouraged through speci\ufb01c\neducational programmes;<\/li><li>Christian values are promoted - the understanding that a child is a precious gift from God, unique and unrepeatable, endowed with speci\ufb01c talents and abilities, with its own pace of learning and unique opportunities to be of use to its peers;<\/li><li>educational activities are carried out in small study groups (with an average of no more than 15 pupils\/teacher);<\/li><li>the artistic side is cultivated (literary circle, school magazine, drama, vocal and instrumental music, choir, etc.);<\/li><li>a healthy lifestyle is encouraged (nutrition, exercise, positive attitude, enjoyment of\neducation, 20-minute breaks for play and socialising, teachers as mentors -cultivating trusting relationships, etc.).<\/li><li>learning through play is encouraged;<\/li><li>STEM activities are organised from an early age in primary school;<\/li><li>responsibility for cultural heritage is cultivated, coupled with an international outlook (teachers from abroad, multicultural projects, etc.);<\/li><li>a community-based educational approach is strengthened, in which families, teachers and children are part of a complete educational community.<\/li><\/ul>\t\t\t\t\t\t\t\t<\/div>\n\t\t\t\t<\/div>\n\t\t<div class=\"elementor-element elementor-element-a578f6c e-flex e-con-boxed e-con e-child\" data-id=\"a578f6c\" data-element_type=\"container\" data-e-type=\"container\">\n\t\t\t\t\t<div class=\"e-con-inner\">\n\t\t<div class=\"elementor-element elementor-element-0d934ab e-flex e-con-boxed e-con e-child\" data-id=\"0d934ab\" data-element_type=\"container\" data-e-type=\"container\" data-settings=\"{&quot;background_background&quot;:&quot;classic&quot;}\">\n\t\t\t\t\t<div class=\"e-con-inner\">\n\t\t\t\t<div class=\"elementor-element elementor-element-3aae95a elementor-widget elementor-widget-heading\" data-id=\"3aae95a\" data-element_type=\"widget\" data-e-type=\"widget\" data-widget_type=\"heading.default\">\n\t\t\t\t<div class=\"elementor-widget-container\">\n\t\t\t\t\t<h2 class=\"elementor-heading-title elementor-size-default\">Pre-K TIS 2026-2027<\/h2>\t\t\t\t<\/div>\n\t\t\t\t<\/div>\n\t\t\t\t<div class=\"elementor-element elementor-element-6d2fd1e elementor-widget elementor-widget-aux_icon_list\" data-id=\"6d2fd1e\" data-element_type=\"widget\" data-e-type=\"widget\" data-widget_type=\"aux_icon_list.default\">\n\t\t\t\t<div class=\"elementor-widget-container\">\n\t\t\t\t\t<section class=\"widget-container aux-widget-icon-list aux-parent-au201d5ac7\"><div class=\"widget-inner\"><div class=\"aux-widget-icon-list-inner\"><ul class=\"aux-icon-list-items aux-direction-vertical aux-icon-list-divider\"><li class=\"aux-icon-list-item aux-list-item-has-icon aux-icon-list-item-e635848 elementor-repeater-item-e635848\"><i aria-hidden=\"true\" class=\"aux-icon-list-icon fas fa-child\"><\/i><span class=\"aux-icon-list-text\">Pre-school level:<\/span><span class=\"aux-icon-list-text2\">mixed group 4-5 years<\/span><\/li><li class=\"aux-icon-list-item aux-list-item-has-icon aux-icon-list-item-e8859a9 elementor-repeater-item-e8859a9\"><i aria-hidden=\"true\" class=\"aux-icon-list-icon auxicon auxicon-clock-4\"><\/i><span class=\"aux-icon-list-text\">Regular program (8:00 - 14:00)<\/span><span class=\"aux-icon-list-text2\">EUR 320\/month<\/span><\/li><li class=\"aux-icon-list-item aux-list-item-has-icon aux-icon-list-item-bf399f5 elementor-repeater-item-bf399f5\"><i aria-hidden=\"true\" class=\"aux-icon-list-icon auxicon auxicon-clock-4\"><\/i><span class=\"aux-icon-list-text\">Extended program (13:00-15:00)<\/span><span class=\"aux-icon-list-text2\">EUR 80\/month<\/span><\/li><li class=\"aux-icon-list-item aux-list-item-has-icon aux-icon-list-item-c75fcbe elementor-repeater-item-c75fcbe\"><i aria-hidden=\"true\" class=\"aux-icon-list-icon fas fa-child\"><\/i><span class=\"aux-icon-list-text\">Number of monthly Installments:<\/span><span class=\"aux-icon-list-text2\">11<\/span><\/li><li class=\"aux-icon-list-item aux-list-item-has-icon aux-icon-list-item-0a1bfc1 elementor-repeater-item-0a1bfc1\"><span class=\"aux-icon-list-text\">Enrollment Fee:<\/span><span class=\"aux-icon-list-text2\">EUR 300<\/span><\/li><li class=\"aux-icon-list-item aux-list-item-has-icon aux-icon-list-item-49f7a00 elementor-repeater-item-49f7a00\"><i aria-hidden=\"true\" class=\"aux-icon-list-icon auxicon auxicon-info-1\"><\/i><span class=\"aux-icon-list-text2\">For payment in installments and other details, download the brochure.<\/span><\/li><\/ul><\/div><\/div><\/section><!-- widget-container -->\t\t\t\t<\/div>\n\t\t\t\t<\/div>\n\t\t\t\t<div class=\"elementor-element elementor-element-aba6d25 elementor-widget elementor-widget-aux_button\" data-id=\"aba6d25\" data-element_type=\"widget\" data-e-type=\"widget\" data-widget_type=\"aux_button.default\">\n\t\t\t\t<div class=\"elementor-widget-container\">\n\t\t\t\t\t<a  href=\"https:\/\/tischool.ro\/en\/inscriere\/\" target=\"_self\"   class=\"aux-button aux-large aux-carmine-pink aux-round aux-none aux-uppercase aux-icon-left\" ><span class=\"aux-overlay\"><\/span><i aria-hidden=\"true\" class=\"aux-icon fas fa-file-signature\"><\/i><span class=\"aux-text\">ENROLL (for 2026-2027)<\/span><\/a>\t\t\t\t<\/div>\n\t\t\t\t<\/div>\n\t\t\t\t<div class=\"elementor-element elementor-element-76c8644 elementor-widget elementor-widget-aux_button\" data-id=\"76c8644\" data-element_type=\"widget\" data-e-type=\"widget\" data-widget_type=\"aux_button.default\">\n\t\t\t\t<div class=\"elementor-widget-container\">\n\t\t\t\t\t<a  href=\"https:\/\/drive.google.com\/file\/d\/1O9VTOtQIMFqGO63RAd9wIrkD40YbWWEi\/view?usp=sharing\" target=\"_blank\"   class=\"aux-button aux-medium aux-carmine-pink aux-round aux-none aux-uppercase aux-icon-left\" ><span class=\"aux-overlay\"><\/span><i aria-hidden=\"true\" class=\"aux-icon fas fa-info-circle\"><\/i><span class=\"aux-text\">DOWNLOAD BROCHURE<\/span><\/a>\t\t\t\t<\/div>\n\t\t\t\t<\/div>\n\t\t\t\t\t<\/div>\n\t\t\t\t<\/div>\n\t\t\t\t\t<\/div>\n\t\t\t\t<\/div>\n\t\t\t\t\t<\/div>\n\t\t\t\t<\/div>\n\t\t\t\t<\/div>","protected":false},"excerpt":{"rendered":"<p>Early learning Misiune Transylvania International School propune o educa\u021bie preuniversitar\u0103 ce are la baz\u0103 o filosofie holistic\u0103 a educa\u021biei. Aceasta implic\u0103 standarde academice \u00eenalte, care s\u0103-i preg\u0103teasc\u0103 pe elevi pentru cele mai bune licee \u0219i universit\u0103\u021bi din Rom\u00e2nia ori din lume, asistarea lor \u00een dezvoltarea intelectual\u0103, personal\u0103, social\u0103, emo\u021bional\u0103, fizic\u0103 \u0219i spiritual\u0103, precum \u0219i aten\u021bia [&hellip;]<\/p>\n","protected":false},"author":1,"featured_media":0,"parent":0,"menu_order":0,"comment_status":"closed","ping_status":"closed","template":"templates\/page-builder-content.php","meta":{"footnotes":""},"class_list":["post-3449","page","type-page","status-publish","hentry"],"_links":{"self":[{"href":"https:\/\/tischool.ro\/en\/wp-json\/wp\/v2\/pages\/3449","targetHints":{"allow":["GET"]}}],"collection":[{"href":"https:\/\/tischool.ro\/en\/wp-json\/wp\/v2\/pages"}],"about":[{"href":"https:\/\/tischool.ro\/en\/wp-json\/wp\/v2\/types\/page"}],"author":[{"embeddable":true,"href":"https:\/\/tischool.ro\/en\/wp-json\/wp\/v2\/users\/1"}],"replies":[{"embeddable":true,"href":"https:\/\/tischool.ro\/en\/wp-json\/wp\/v2\/comments?post=3449"}],"version-history":[{"count":178,"href":"https:\/\/tischool.ro\/en\/wp-json\/wp\/v2\/pages\/3449\/revisions"}],"predecessor-version":[{"id":11367,"href":"https:\/\/tischool.ro\/en\/wp-json\/wp\/v2\/pages\/3449\/revisions\/11367"}],"wp:attachment":[{"href":"https:\/\/tischool.ro\/en\/wp-json\/wp\/v2\/media?parent=3449"}],"curies":[{"name":"wp","href":"https:\/\/api.w.org\/{rel}","templated":true}]}}