{"id":10425,"date":"2024-10-02T23:20:50","date_gmt":"2024-10-02T20:20:50","guid":{"rendered":"https:\/\/tischool.ro\/?page_id=10425"},"modified":"2024-10-17T23:30:43","modified_gmt":"2024-10-17T20:30:43","slug":"newsletter-2022-2023","status":"publish","type":"page","link":"https:\/\/tischool.ro\/en\/newsletter-2022-2023\/","title":{"rendered":"Newsletter 2022-2023"},"content":{"rendered":"<div data-elementor-type=\"wp-page\" data-elementor-id=\"10425\" class=\"elementor elementor-10425\">\n\t\t\t\t\t\t<section class=\"elementor-section elementor-top-section elementor-element elementor-element-06fc9af elementor-section-full_width elementor-section-height-min-height elementor-section-height-default elementor-section-items-middle\" data-id=\"06fc9af\" data-element_type=\"section\" data-e-type=\"section\" data-settings=\"{&quot;background_background&quot;:&quot;classic&quot;}\">\n\t\t\t\t\t\t\t<div class=\"elementor-background-overlay\"><\/div>\n\t\t\t\t\t\t\t<div class=\"elementor-container elementor-column-gap-no\">\n\t\t\t\t\t<div class=\"aux-parallax-section elementor-column elementor-col-100 elementor-top-column elementor-element elementor-element-9b5fa64\" data-id=\"9b5fa64\" data-element_type=\"column\" data-e-type=\"column\">\n\t\t\t<div class=\"elementor-widget-wrap elementor-element-populated\">\n\t\t\t\t\t\t<section class=\"elementor-section elementor-inner-section elementor-element elementor-element-7d1f7de elementor-section-boxed elementor-section-height-default elementor-section-height-default\" data-id=\"7d1f7de\" data-element_type=\"section\" data-e-type=\"section\">\n\t\t\t\t\t\t<div class=\"elementor-container elementor-column-gap-default\">\n\t\t\t\t\t<div class=\"aux-parallax-section elementor-column elementor-col-100 elementor-inner-column elementor-element elementor-element-9beca5b\" data-id=\"9beca5b\" data-element_type=\"column\" data-e-type=\"column\">\n\t\t\t<div class=\"elementor-widget-wrap elementor-element-populated\">\n\t\t\t\t\t\t<div class=\"elementor-element elementor-element-a69ca98 aux-appear-watch-animation aux-fade-in-down elementor-hidden-mobile elementor-widget elementor-widget-aux_modern_heading\" data-id=\"a69ca98\" data-element_type=\"widget\" data-e-type=\"widget\" data-widget_type=\"aux_modern_heading.default\">\n\t\t\t\t<div class=\"elementor-widget-container\">\n\t\t\t\t\t<section class=\"aux-widget-modern-heading\">\n            <div class=\"aux-widget-inner\"><h1 class=\"aux-modern-heading-primary\">Newsletter<\/h1><\/div>\n        <\/section>\t\t\t\t<\/div>\n\t\t\t\t<\/div>\n\t\t\t\t\t<\/div>\n\t\t<\/div>\n\t\t\t\t\t<\/div>\n\t\t<\/section>\n\t\t\t\t\t<\/div>\n\t\t<\/div>\n\t\t\t\t\t<\/div>\n\t\t<\/section>\n\t\t\t\t<section class=\"elementor-section elementor-top-section elementor-element elementor-element-4e7cd21 elementor-section-boxed elementor-section-height-default elementor-section-height-default\" data-id=\"4e7cd21\" data-element_type=\"section\" data-e-type=\"section\">\n\t\t\t\t\t\t<div class=\"elementor-container elementor-column-gap-no\">\n\t\t\t\t\t<div class=\"aux-parallax-section elementor-column elementor-col-100 elementor-top-column elementor-element elementor-element-eade1d4\" data-id=\"eade1d4\" data-element_type=\"column\" data-e-type=\"column\">\n\t\t\t<div class=\"elementor-widget-wrap elementor-element-populated\">\n\t\t\t\t\t\t<div class=\"elementor-element elementor-element-ccf56f8 aux-appear-watch-animation aux-scale-up elementor-widget elementor-widget-aux_modern_heading\" data-id=\"ccf56f8\" data-element_type=\"widget\" data-e-type=\"widget\" data-widget_type=\"aux_modern_heading.default\">\n\t\t\t\t<div class=\"elementor-widget-container\">\n\t\t\t\t\t<section class=\"aux-widget-modern-heading\">\n            <div class=\"aux-widget-inner\"><h2 class=\"aux-modern-heading-primary\"><\/h2><h2 class=\"aux-modern-heading-secondary\"><span class=\"aux-head-highlight\">Newsletter<\/span><\/h2><div class=\"aux-modern-heading-divider\"><\/div><div class=\"aux-modern-heading-description\">2022-2023<\/div><\/div>\n        <\/section>\t\t\t\t<\/div>\n\t\t\t\t<\/div>\n\t\t\t\t\t<\/div>\n\t\t<\/div>\n\t\t\t\t\t<\/div>\n\t\t<\/section>\n\t\t<div class=\"aux-parallax-section elementor-element elementor-element-0d40cb0 e-flex e-con-boxed e-con e-parent\" data-id=\"0d40cb0\" data-element_type=\"container\" data-e-type=\"container\">\n\t\t\t\t\t<div class=\"e-con-inner\">\n\t\t<div class=\"elementor-element elementor-element-c0d957f e-con-full e-flex e-con e-child\" data-id=\"c0d957f\" data-element_type=\"container\" data-e-type=\"container\">\n\t\t\t\t<div class=\"elementor-element elementor-element-26d0a4d aux-appear-watch-animation aux-scale-up elementor-widget elementor-widget-aux_modern_heading\" data-id=\"26d0a4d\" data-element_type=\"widget\" data-e-type=\"widget\" data-widget_type=\"aux_modern_heading.default\">\n\t\t\t\t<div class=\"elementor-widget-container\">\n\t\t\t\t\t<section class=\"aux-widget-modern-heading\">\n            <div class=\"aux-widget-inner\"><h2 class=\"aux-modern-heading-primary\"><\/h2><div class=\"aux-modern-heading-description\"><p>Newsletter prin care v\u0103 inform\u0103m lunar (\u00een limba englez\u0103 (EN) \u0219i rom\u00e2n\u0103(RO)) despre activit\u0103\u021bile scolii.<\/p><\/div><\/div>\n        <\/section>\t\t\t\t<\/div>\n\t\t\t\t<\/div>\n\t\t\t\t<\/div>\n\t\t\t\t\t<\/div>\n\t\t\t\t<\/div>\n\t\t<div class=\"aux-parallax-section elementor-element elementor-element-c03c716 e-flex e-con-boxed e-con e-parent\" data-id=\"c03c716\" data-element_type=\"container\" data-e-type=\"container\">\n\t\t\t\t\t<div class=\"e-con-inner\">\n\t\t\t\t<div class=\"elementor-element elementor-element-e2b95a5 elementor-widget elementor-widget-shortcode\" data-id=\"e2b95a5\" data-element_type=\"widget\" data-e-type=\"widget\" data-widget_type=\"shortcode.default\">\n\t\t\t\t<div class=\"elementor-widget-container\">\n\t\t\t\t\t\t\t<div class=\"elementor-shortcode\"><div class=\"dflip-books\"><div class=\"_df_thumb\" id=\"df_10628\"  _slug=\"newsletter-2022-iun-ro-copy\" data-title=\"newsletter-2022-iun-ro-copy\" wpoptions=\"true\" thumb=\"https:\/\/tischool.ro\/wp-content\/uploads\/2024\/11\/Newsletter-2022-04.jpg\" thumbtype=\"\" >Newsletter 2022 iun. RO &#8211; Copy<\/div><script class=\"df-shortcode-script\" nowprocket type=\"application\/javascript\">window.option_df_10628 = {\"outline\":[],\"autoEnableOutline\":\"false\",\"autoEnableThumbnail\":\"false\",\"overwritePDFOutline\":\"false\",\"direction\":\"1\",\"pageSize\":\"0\",\"source\":\"https:\\\/\\\/tischool.ro\\\/wp-content\\\/uploads\\\/2024\\\/11\\\/Newsletter-2022-06-ro.pdf\",\"wpOptions\":\"true\"}; if(window.DFLIP && window.DFLIP.parseBooks){window.DFLIP.parseBooks();}<\/script><div class=\"_df_thumb\" id=\"df_10625\"  _slug=\"newsletter-2022-may-en\" data-title=\"newsletter-2022-may-en\" wpoptions=\"true\" thumb=\"https:\/\/tischool.ro\/wp-content\/uploads\/2024\/11\/Newsletter-2022-04.jpg\" thumbtype=\"\" >Newsletter 2022 May EN<\/div><script class=\"df-shortcode-script\" nowprocket type=\"application\/javascript\">window.option_df_10625 = {\"outline\":[],\"autoEnableOutline\":\"false\",\"autoEnableThumbnail\":\"false\",\"overwritePDFOutline\":\"false\",\"direction\":\"1\",\"pageSize\":\"0\",\"source\":\"https:\\\/\\\/tischool.ro\\\/wp-content\\\/uploads\\\/2024\\\/11\\\/Newsletter-2022-05-en.pdf\",\"wpOptions\":\"true\"}; if(window.DFLIP && window.DFLIP.parseBooks){window.DFLIP.parseBooks();}<\/script><div class=\"_df_thumb\" id=\"df_10621\"  _slug=\"newsletter-2023-mai-ro\" data-title=\"newsletter-2022-mai-ro\" wpoptions=\"true\" thumb=\"https:\/\/tischool.ro\/wp-content\/uploads\/2024\/11\/Newsletter-2022-04.jpg\" thumbtype=\"\" >Newsletter 2022 mai RO<\/div><script class=\"df-shortcode-script\" nowprocket type=\"application\/javascript\">window.option_df_10621 = {\"outline\":[],\"autoEnableOutline\":\"false\",\"autoEnableThumbnail\":\"false\",\"overwritePDFOutline\":\"false\",\"direction\":\"1\",\"pageSize\":\"0\",\"source\":\"https:\\\/\\\/tischool.ro\\\/wp-content\\\/uploads\\\/2024\\\/11\\\/Newsletter-2022-05-ro.pdf\",\"wpOptions\":\"true\"}; if(window.DFLIP && window.DFLIP.parseBooks){window.DFLIP.parseBooks();}<\/script><div class=\"_df_thumb\" id=\"df_10619\"  _slug=\"newsletter-2022-aprilie-ro\" data-title=\"newsletter-2022-aprilie-ro\" wpoptions=\"true\" thumb=\"https:\/\/tischool.ro\/wp-content\/uploads\/2024\/11\/Newsletter-2022-03.jpg\" thumbtype=\"\" >Newsletter 2022 aprilie RO<\/div><script class=\"df-shortcode-script\" nowprocket type=\"application\/javascript\">window.option_df_10619 = {\"outline\":[],\"autoEnableOutline\":\"false\",\"autoEnableThumbnail\":\"false\",\"overwritePDFOutline\":\"false\",\"direction\":\"1\",\"pageSize\":\"0\",\"source\":\"https:\\\/\\\/tischool.ro\\\/wp-content\\\/uploads\\\/2024\\\/11\\\/Newsletter-2022-04-ro_compressed.pdf\",\"wpOptions\":\"true\"}; if(window.DFLIP && window.DFLIP.parseBooks){window.DFLIP.parseBooks();}<\/script><div class=\"_df_thumb\" id=\"df_10614\"  _slug=\"newsletter-2022-apr-en\" data-title=\"newsletter-2022-apr-en\" wpoptions=\"true\" thumb=\"https:\/\/tischool.ro\/wp-content\/uploads\/2024\/11\/Newsletter-2022-04.jpg\" thumbtype=\"\" >Newsletter 2022 apr. EN<\/div><script class=\"df-shortcode-script\" nowprocket type=\"application\/javascript\">window.option_df_10614 = {\"outline\":[],\"autoEnableOutline\":\"false\",\"autoEnableThumbnail\":\"false\",\"overwritePDFOutline\":\"false\",\"direction\":\"1\",\"pageSize\":\"0\",\"source\":\"https:\\\/\\\/tischool.ro\\\/wp-content\\\/uploads\\\/2024\\\/11\\\/Newsletter-2022-04-en_compressed.pdf\",\"wpOptions\":\"true\"}; if(window.DFLIP && window.DFLIP.parseBooks){window.DFLIP.parseBooks();}<\/script><div class=\"_df_thumb\" id=\"df_10611\"  _slug=\"newsletter-2022-march-ro\" data-title=\"newsletter-2022-martie-ro\" wpoptions=\"true\" thumb=\"https:\/\/tischool.ro\/wp-content\/uploads\/2024\/11\/Newsletter-2022-03.jpg\" thumbtype=\"\" >Newsletter 2022 martie RO<\/div><script class=\"df-shortcode-script\" nowprocket type=\"application\/javascript\">window.option_df_10611 = {\"outline\":[],\"autoEnableOutline\":\"false\",\"autoEnableThumbnail\":\"false\",\"overwritePDFOutline\":\"false\",\"direction\":\"1\",\"pageSize\":\"0\",\"source\":\"https:\\\/\\\/tischool.ro\\\/wp-content\\\/uploads\\\/2024\\\/11\\\/Newsletter-2022-03-ro.pdf\",\"wpOptions\":\"true\"}; if(window.DFLIP && window.DFLIP.parseBooks){window.DFLIP.parseBooks();}<\/script><div class=\"_df_thumb\" id=\"df_10606\"  _slug=\"newsletter-2022-march-en\" data-title=\"newsletter-2022-march-en\" wpoptions=\"true\" thumb=\"https:\/\/tischool.ro\/wp-content\/uploads\/2024\/11\/Newsletter-2022-03.jpg\" thumbtype=\"\" >Newsletter 2022 march EN<\/div><script class=\"df-shortcode-script\" nowprocket type=\"application\/javascript\">window.option_df_10606 = {\"outline\":[],\"autoEnableOutline\":\"false\",\"autoEnableThumbnail\":\"false\",\"overwritePDFOutline\":\"false\",\"direction\":\"1\",\"pageSize\":\"0\",\"source\":\"https:\\\/\\\/tischool.ro\\\/wp-content\\\/uploads\\\/2024\\\/11\\\/Newsletter-2022-03-en.pdf\",\"wpOptions\":\"true\"}; if(window.DFLIP && window.DFLIP.parseBooks){window.DFLIP.parseBooks();}<\/script><div class=\"_df_thumb\" id=\"df_10599\"  _slug=\"newsletter-2022-febr-ro\" data-title=\"newsletter-2022-febr-ro\" wpoptions=\"true\" thumb=\"https:\/\/tischool.ro\/wp-content\/uploads\/2024\/11\/Newsletter-2022-02.jpg\" thumbtype=\"\" >Newsletter 2022 febr. RO<\/div><script class=\"df-shortcode-script\" nowprocket type=\"application\/javascript\">window.option_df_10599 = {\"outline\":[],\"autoEnableOutline\":\"false\",\"autoEnableThumbnail\":\"false\",\"overwritePDFOutline\":\"false\",\"direction\":\"1\",\"pageSize\":\"0\",\"source\":\"https:\\\/\\\/tischool.ro\\\/wp-content\\\/uploads\\\/2024\\\/11\\\/Newsletter-2022-02-ro_compressed.pdf\",\"wpOptions\":\"true\"}; if(window.DFLIP && window.DFLIP.parseBooks){window.DFLIP.parseBooks();}<\/script><div class=\"_df_thumb\" id=\"df_10594\"  _slug=\"newsletter-2022-febr-en\" data-title=\"newsletter-2022-febr-en\" wpoptions=\"true\" thumb=\"https:\/\/tischool.ro\/wp-content\/uploads\/2024\/11\/Newsletter-2022-02.jpg\" thumbtype=\"\" >Newsletter 2022 febr. EN<\/div><script class=\"df-shortcode-script\" nowprocket type=\"application\/javascript\">window.option_df_10594 = {\"outline\":[],\"autoEnableOutline\":\"false\",\"autoEnableThumbnail\":\"false\",\"overwritePDFOutline\":\"false\",\"direction\":\"1\",\"pageSize\":\"0\",\"source\":\"https:\\\/\\\/tischool.ro\\\/wp-content\\\/uploads\\\/2024\\\/11\\\/Newsletter-2022-02-en_compressed.pdf\",\"wpOptions\":\"true\"}; if(window.DFLIP && window.DFLIP.parseBooks){window.DFLIP.parseBooks();}<\/script><\/div><\/div>\n\t\t\t\t\t\t<\/div>\n\t\t\t\t<\/div>\n\t\t\t\t\t<\/div>\n\t\t\t\t<\/div>\n\t\t\t\t<\/div>","protected":false},"excerpt":{"rendered":"<p>Newsletter Newsletter 2022-2023 Newsletter prin care v\u0103 inform\u0103m lunar (\u00een limba englez\u0103 (EN) \u0219i rom\u00e2n\u0103(RO)) despre activit\u0103\u021bile scolii.<\/p>","protected":false},"author":1,"featured_media":0,"parent":0,"menu_order":0,"comment_status":"closed","ping_status":"closed","template":"templates\/page-builder-content.php","meta":{"footnotes":""},"class_list":["post-10425","page","type-page","status-publish","hentry"],"_links":{"self":[{"href":"https:\/\/tischool.ro\/en\/wp-json\/wp\/v2\/pages\/10425","targetHints":{"allow":["GET"]}}],"collection":[{"href":"https:\/\/tischool.ro\/en\/wp-json\/wp\/v2\/pages"}],"about":[{"href":"https:\/\/tischool.ro\/en\/wp-json\/wp\/v2\/types\/page"}],"author":[{"embeddable":true,"href":"https:\/\/tischool.ro\/en\/wp-json\/wp\/v2\/users\/1"}],"replies":[{"embeddable":true,"href":"https:\/\/tischool.ro\/en\/wp-json\/wp\/v2\/comments?post=10425"}],"version-history":[{"count":36,"href":"https:\/\/tischool.ro\/en\/wp-json\/wp\/v2\/pages\/10425\/revisions"}],"predecessor-version":[{"id":10589,"href":"https:\/\/tischool.ro\/en\/wp-json\/wp\/v2\/pages\/10425\/revisions\/10589"}],"wp:attachment":[{"href":"https:\/\/tischool.ro\/en\/wp-json\/wp\/v2\/media?parent=10425"}],"curies":[{"name":"wp","href":"https:\/\/api.w.org\/{rel}","templated":true}]}}