{"id":10313,"date":"2024-06-14T18:17:15","date_gmt":"2024-06-14T15:17:15","guid":{"rendered":"https:\/\/tischool.ro\/?page_id=10313"},"modified":"2024-06-18T10:41:21","modified_gmt":"2024-06-18T07:41:21","slug":"revista-scolii","status":"publish","type":"page","link":"https:\/\/tischool.ro\/en\/revista-scolii\/","title":{"rendered":"School Magazine"},"content":{"rendered":"<div data-elementor-type=\"wp-page\" data-elementor-id=\"10313\" class=\"elementor elementor-10313\">\n\t\t\t\t\t\t<section class=\"elementor-section elementor-top-section elementor-element elementor-element-06fc9af elementor-section-full_width elementor-section-height-min-height elementor-section-height-default elementor-section-items-middle\" data-id=\"06fc9af\" data-element_type=\"section\" data-e-type=\"section\" data-settings=\"{&quot;background_background&quot;:&quot;classic&quot;}\">\n\t\t\t\t\t\t\t<div class=\"elementor-background-overlay\"><\/div>\n\t\t\t\t\t\t\t<div class=\"elementor-container elementor-column-gap-no\">\n\t\t\t\t\t<div class=\"aux-parallax-section elementor-column elementor-col-100 elementor-top-column elementor-element elementor-element-9b5fa64\" data-id=\"9b5fa64\" data-element_type=\"column\" data-e-type=\"column\">\n\t\t\t<div class=\"elementor-widget-wrap elementor-element-populated\">\n\t\t\t\t\t\t<section class=\"elementor-section elementor-inner-section elementor-element elementor-element-7d1f7de elementor-section-boxed elementor-section-height-default elementor-section-height-default\" data-id=\"7d1f7de\" data-element_type=\"section\" data-e-type=\"section\">\n\t\t\t\t\t\t<div class=\"elementor-container elementor-column-gap-default\">\n\t\t\t\t\t<div class=\"aux-parallax-section elementor-column elementor-col-100 elementor-inner-column elementor-element elementor-element-9beca5b\" data-id=\"9beca5b\" data-element_type=\"column\" data-e-type=\"column\">\n\t\t\t<div class=\"elementor-widget-wrap elementor-element-populated\">\n\t\t\t\t\t\t<div class=\"elementor-element elementor-element-a69ca98 aux-appear-watch-animation aux-fade-in-down elementor-hidden-mobile elementor-widget elementor-widget-aux_modern_heading\" data-id=\"a69ca98\" data-element_type=\"widget\" data-e-type=\"widget\" data-widget_type=\"aux_modern_heading.default\">\n\t\t\t\t<div class=\"elementor-widget-container\">\n\t\t\t\t\t<section class=\"aux-widget-modern-heading\">\n            <div class=\"aux-widget-inner\"><h1 class=\"aux-modern-heading-primary\">Revista \u0219colii<\/h1><\/div>\n        <\/section>\t\t\t\t<\/div>\n\t\t\t\t<\/div>\n\t\t\t\t\t<\/div>\n\t\t<\/div>\n\t\t\t\t\t<\/div>\n\t\t<\/section>\n\t\t\t\t\t<\/div>\n\t\t<\/div>\n\t\t\t\t\t<\/div>\n\t\t<\/section>\n\t\t\t\t<section class=\"elementor-section elementor-top-section elementor-element elementor-element-4e7cd21 elementor-section-boxed elementor-section-height-default elementor-section-height-default\" data-id=\"4e7cd21\" data-element_type=\"section\" data-e-type=\"section\">\n\t\t\t\t\t\t<div class=\"elementor-container elementor-column-gap-no\">\n\t\t\t\t\t<div class=\"aux-parallax-section elementor-column elementor-col-100 elementor-top-column elementor-element elementor-element-eade1d4\" data-id=\"eade1d4\" data-element_type=\"column\" data-e-type=\"column\">\n\t\t\t<div class=\"elementor-widget-wrap elementor-element-populated\">\n\t\t\t\t\t\t<div class=\"elementor-element elementor-element-ccf56f8 aux-appear-watch-animation aux-scale-up elementor-widget elementor-widget-aux_modern_heading\" data-id=\"ccf56f8\" data-element_type=\"widget\" data-e-type=\"widget\" data-widget_type=\"aux_modern_heading.default\">\n\t\t\t\t<div class=\"elementor-widget-container\">\n\t\t\t\t\t<section class=\"aux-widget-modern-heading\">\n            <div class=\"aux-widget-inner\"><h2 class=\"aux-modern-heading-primary\"><\/h2><h2 class=\"aux-modern-heading-secondary\"><span class=\"aux-head-highlight\">Revista TIS<\/span><\/h2><div class=\"aux-modern-heading-divider\"><\/div><\/div>\n        <\/section>\t\t\t\t<\/div>\n\t\t\t\t<\/div>\n\t\t\t\t\t<\/div>\n\t\t<\/div>\n\t\t\t\t\t<\/div>\n\t\t<\/section>\n\t\t<div class=\"aux-parallax-section elementor-element elementor-element-0d40cb0 e-flex e-con-boxed e-con e-parent\" data-id=\"0d40cb0\" data-element_type=\"container\" data-e-type=\"container\">\n\t\t\t\t\t<div class=\"e-con-inner\">\n\t\t<div class=\"elementor-element elementor-element-c0d957f e-con-full e-flex e-con e-child\" data-id=\"c0d957f\" data-element_type=\"container\" data-e-type=\"container\">\n\t\t\t\t<div class=\"elementor-element elementor-element-26d0a4d aux-appear-watch-animation aux-scale-up elementor-widget elementor-widget-aux_modern_heading\" data-id=\"26d0a4d\" data-element_type=\"widget\" data-e-type=\"widget\" data-widget_type=\"aux_modern_heading.default\">\n\t\t\t\t<div class=\"elementor-widget-container\">\n\t\t\t\t\t<section class=\"aux-widget-modern-heading\">\n            <div class=\"aux-widget-inner\"><h2 class=\"aux-modern-heading-primary\"><\/h2><div class=\"aux-modern-heading-description\">Revista \u0219colii TIS este o antologie de lucr\u0103ri realizate de elevii din\ntoate v\u00e2rstele. \u00cencuraj\u0103m diversitatea, inventivitatea, curajul \u0219i dedicare, a\u0219a c\u0103 acest proiect a fost conceput astfel \u00eenc\u00e2t tinerii\n\u0219i b\u0103tr\u00e2nii deopotriv\u0103 s\u0103 se simt\u0103 liberi s\u0103 exploreze subiectele lor preferate.\nFie c\u0103 vorbim despre literatur\u0103, desen, stil de via\u021b\u0103 sau s\u0103n\u0103tate mintal\u0103, revista \u00eentruchipeaz\u0103 propria noastr\u0103 filozofie holistic\u0103 - s\u0103 fim un \u00eentreg, omogen \u0219i creativ.<\/div><\/div>\n        <\/section>\t\t\t\t<\/div>\n\t\t\t\t<\/div>\n\t\t\t\t<\/div>\n\t\t\t\t\t<\/div>\n\t\t\t\t<\/div>\n\t\t<div class=\"aux-parallax-section elementor-element elementor-element-c03c716 e-flex e-con-boxed e-con e-parent\" data-id=\"c03c716\" data-element_type=\"container\" data-e-type=\"container\">\n\t\t\t\t\t<div class=\"e-con-inner\">\n\t\t\t\t<div class=\"elementor-element elementor-element-e2b95a5 elementor-widget elementor-widget-shortcode\" data-id=\"e2b95a5\" data-element_type=\"widget\" data-e-type=\"widget\" data-widget_type=\"shortcode.default\">\n\t\t\t\t<div class=\"elementor-widget-container\">\n\t\t\t\t\t\t\t<div class=\"elementor-shortcode\"><div class=\"dflip-books\"><div class=\"_df_thumb\" id=\"df_10335\"  _slug=\"tis-students-review-2\" data-title=\"tis-students-review-2\" wpoptions=\"true\" thumb=\"https:\/\/tischool.ro\/wp-content\/uploads\/2024\/06\/TIS-STUDENTS-REVIEW-.png\" thumbtype=\"\" >TIS STUDENTS&#8217; REVIEW #2<\/div><script class=\"df-shortcode-script\" nowprocket type=\"application\/javascript\">window.option_df_10335 = {\"outline\":[],\"backgroundColor\":\"#1c1930\",\"autoEnableOutline\":\"false\",\"autoEnableThumbnail\":\"false\",\"overwritePDFOutline\":\"false\",\"direction\":\"1\",\"pageSize\":\"0\",\"source\":\"https:\\\/\\\/tischool.ro\\\/wp-content\\\/uploads\\\/2024\\\/06\\\/TIS-STUDENTS-REVIEW-2.pdf\",\"wpOptions\":\"true\"}; if(window.DFLIP && window.DFLIP.parseBooks){window.DFLIP.parseBooks();}<\/script><div class=\"_df_thumb\" id=\"df_10302\"  _slug=\"tis-students-review-1\" data-title=\"tis-students-review-1\" wpoptions=\"true\" thumb=\"https:\/\/tischool.ro\/wp-content\/uploads\/2024\/06\/TIS-STUDENTS-REVIEW-.png\" thumbtype=\"\" >TIS STUDENTS&#8217; REVIEW #1<\/div><script class=\"df-shortcode-script\" nowprocket type=\"application\/javascript\">window.option_df_10302 = {\"outline\":[],\"backgroundColor\":\"#1c1930\",\"autoEnableOutline\":\"false\",\"autoEnableThumbnail\":\"false\",\"overwritePDFOutline\":\"false\",\"direction\":\"1\",\"pageSize\":\"0\",\"source\":\"https:\\\/\\\/tischool.ro\\\/wp-content\\\/uploads\\\/2024\\\/06\\\/TIS-STUDENTS-REVIEW-1.pdf\",\"wpOptions\":\"true\"}; if(window.DFLIP && window.DFLIP.parseBooks){window.DFLIP.parseBooks();}<\/script><\/div><\/div>\n\t\t\t\t\t\t<\/div>\n\t\t\t\t<\/div>\n\t\t\t\t\t<\/div>\n\t\t\t\t<\/div>\n\t\t\t\t<\/div>","protected":false},"excerpt":{"rendered":"<p>Revista \u0219colii Revista TIS Revista \u0219colii TIS este o antologie de lucr\u0103ri realizate de elevii din toate v\u00e2rstele. \u00cencuraj\u0103m diversitatea, inventivitatea, curajul \u0219i dedicare, a\u0219a c\u0103 acest proiect a fost conceput astfel \u00eenc\u00e2t tinerii \u0219i b\u0103tr\u00e2nii deopotriv\u0103 s\u0103 se simt\u0103 liberi s\u0103 exploreze subiectele lor preferate. Fie c\u0103 vorbim despre literatur\u0103, desen, stil de via\u021b\u0103 [&hellip;]<\/p>\n","protected":false},"author":1,"featured_media":0,"parent":0,"menu_order":0,"comment_status":"closed","ping_status":"closed","template":"templates\/page-builder-content.php","meta":{"footnotes":""},"class_list":["post-10313","page","type-page","status-publish","hentry"],"_links":{"self":[{"href":"https:\/\/tischool.ro\/en\/wp-json\/wp\/v2\/pages\/10313","targetHints":{"allow":["GET"]}}],"collection":[{"href":"https:\/\/tischool.ro\/en\/wp-json\/wp\/v2\/pages"}],"about":[{"href":"https:\/\/tischool.ro\/en\/wp-json\/wp\/v2\/types\/page"}],"author":[{"embeddable":true,"href":"https:\/\/tischool.ro\/en\/wp-json\/wp\/v2\/users\/1"}],"replies":[{"embeddable":true,"href":"https:\/\/tischool.ro\/en\/wp-json\/wp\/v2\/comments?post=10313"}],"version-history":[{"count":35,"href":"https:\/\/tischool.ro\/en\/wp-json\/wp\/v2\/pages\/10313\/revisions"}],"predecessor-version":[{"id":10361,"href":"https:\/\/tischool.ro\/en\/wp-json\/wp\/v2\/pages\/10313\/revisions\/10361"}],"wp:attachment":[{"href":"https:\/\/tischool.ro\/en\/wp-json\/wp\/v2\/media?parent=10313"}],"curies":[{"name":"wp","href":"https:\/\/api.w.org\/{rel}","templated":true}]}}