{"id":10112,"date":"2024-04-12T13:00:17","date_gmt":"2024-04-12T10:00:17","guid":{"rendered":"https:\/\/tischool.ro\/?page_id=10112"},"modified":"2025-04-30T20:14:04","modified_gmt":"2025-04-30T17:14:04","slug":"angajari","status":"publish","type":"page","link":"https:\/\/tischool.ro\/en\/angajari\/","title":{"rendered":"Job Opportunities"},"content":{"rendered":"<div data-elementor-type=\"wp-page\" data-elementor-id=\"10112\" class=\"elementor elementor-10112\">\n\t\t\t\t\t\t<section class=\"elementor-section elementor-top-section elementor-element elementor-element-06fc9af elementor-section-full_width elementor-section-height-min-height elementor-section-height-default elementor-section-items-middle\" data-id=\"06fc9af\" data-element_type=\"section\" data-e-type=\"section\" data-settings=\"{&quot;background_background&quot;:&quot;classic&quot;}\">\n\t\t\t\t\t\t\t<div class=\"elementor-background-overlay\"><\/div>\n\t\t\t\t\t\t\t<div class=\"elementor-container elementor-column-gap-no\">\n\t\t\t\t\t<div class=\"aux-parallax-section elementor-column elementor-col-100 elementor-top-column elementor-element elementor-element-9b5fa64\" data-id=\"9b5fa64\" data-element_type=\"column\" data-e-type=\"column\">\n\t\t\t<div class=\"elementor-widget-wrap elementor-element-populated\">\n\t\t\t\t\t\t<section class=\"elementor-section elementor-inner-section elementor-element elementor-element-7d1f7de elementor-section-boxed elementor-section-height-default elementor-section-height-default\" data-id=\"7d1f7de\" data-element_type=\"section\" data-e-type=\"section\">\n\t\t\t\t\t\t<div class=\"elementor-container elementor-column-gap-default\">\n\t\t\t\t\t<div class=\"aux-parallax-section elementor-column elementor-col-100 elementor-inner-column elementor-element elementor-element-9beca5b\" data-id=\"9beca5b\" data-element_type=\"column\" data-e-type=\"column\">\n\t\t\t<div class=\"elementor-widget-wrap elementor-element-populated\">\n\t\t\t\t\t\t<div class=\"elementor-element elementor-element-a69ca98 aux-appear-watch-animation aux-fade-in-down elementor-hidden-mobile elementor-widget elementor-widget-aux_modern_heading\" data-id=\"a69ca98\" data-element_type=\"widget\" data-e-type=\"widget\" data-widget_type=\"aux_modern_heading.default\">\n\t\t\t\t<div class=\"elementor-widget-container\">\n\t\t\t\t\t<section class=\"aux-widget-modern-heading\">\n            <div class=\"aux-widget-inner\"><h1 class=\"aux-modern-heading-primary\">We Hire<\/h1><\/div>\n        <\/section>\t\t\t\t<\/div>\n\t\t\t\t<\/div>\n\t\t\t\t\t<\/div>\n\t\t<\/div>\n\t\t\t\t\t<\/div>\n\t\t<\/section>\n\t\t\t\t\t<\/div>\n\t\t<\/div>\n\t\t\t\t\t<\/div>\n\t\t<\/section>\n\t\t\t\t<section class=\"elementor-section elementor-top-section elementor-element elementor-element-45a337c elementor-section-boxed elementor-section-height-default elementor-section-height-default\" data-id=\"45a337c\" data-element_type=\"section\" data-e-type=\"section\">\n\t\t\t\t\t\t<div class=\"elementor-container elementor-column-gap-no\">\n\t\t\t\t\t<div class=\"aux-parallax-section elementor-column elementor-col-100 elementor-top-column elementor-element elementor-element-617f40d\" data-id=\"617f40d\" data-element_type=\"column\" data-e-type=\"column\">\n\t\t\t<div class=\"elementor-widget-wrap elementor-element-populated\">\n\t\t\t\t\t\t<div class=\"elementor-element elementor-element-00ebc24 aux-appear-watch-animation aux-scale-up elementor-widget elementor-widget-aux_modern_heading\" data-id=\"00ebc24\" data-element_type=\"widget\" data-e-type=\"widget\" data-widget_type=\"aux_modern_heading.default\">\n\t\t\t\t<div class=\"elementor-widget-container\">\n\t\t\t\t\t<section class=\"aux-widget-modern-heading\">\n            <div class=\"aux-widget-inner\"><h2 class=\"aux-modern-heading-primary\">Work with us<\/h2><h2 class=\"aux-modern-heading-secondary\"><span class=\"aux-head-highlight\">We hire teachers<\/span><\/h2><div class=\"aux-modern-heading-divider\"><\/div><div class=\"aux-modern-heading-description\"><h3 style=\"text-align: center\">Discover a Unique Educational Journey &amp; Job Opportunity<\/h3>\n<p style=\"text-align: center\">We seek teachers eager to implement the school's educational philosophy through expertise, creativity, visionary thinking, and Christian values.<\/p><\/div><\/div>\n        <\/section>\t\t\t\t<\/div>\n\t\t\t\t<\/div>\n\t\t\t\t\t<\/div>\n\t\t<\/div>\n\t\t\t\t\t<\/div>\n\t\t<\/section>\n\t\t<div class=\"aux-parallax-section elementor-element elementor-element-a9a113c elementor-hidden-desktop elementor-hidden-tablet e-flex e-con-boxed e-con e-parent\" data-id=\"a9a113c\" data-element_type=\"container\" data-e-type=\"container\">\n\t\t\t\t\t<div class=\"e-con-inner\">\n\t\t<div class=\"elementor-element elementor-element-5f5ac0b e-con-full e-flex e-con e-child\" data-id=\"5f5ac0b\" data-element_type=\"container\" data-e-type=\"container\">\n\t\t\t\t<div class=\"elementor-element elementor-element-35ac838 aux-appear-watch-animation aux-slide-from-left elementor-widget elementor-widget-aux_text\" data-id=\"35ac838\" data-element_type=\"widget\" data-e-type=\"widget\" data-widget_type=\"aux_text.default\">\n\t\t\t\t<div class=\"elementor-widget-container\">\n\t\t\t\t\t<section class=\"widget-container aux-widget-text aux-parent-au5a65628b\">        <div class=\"aux-widget-advanced-text aux-wrap-style-simple aux-ico-pos-top aux-text-left aux-text-resp- aux-text-color-dark aux-text-widget-bg-center aux-text-no-content\" >\n        \n                            <div class=\"aux-text-widget-header\"  >\n                        <div class=\"aux-ico-box aux-ico-large aux-img-box aux-ico-shape-default aux-ico-clear\">\n                                                                <img fetchpriority=\"high\" decoding=\"async\" width=\"1080\" height=\"1080\" src=\"https:\/\/tischool.ro\/wp-content\/uploads\/2024\/04\/tis-angajam-invatator.png\" class=\"aux-attachment aux-featured-image aux-attachment-id-10124\" alt=\"Angajam invatator ciclul primar\" data-ratio=\"1\" data-original-w=\"1080\" \/>                                                    <\/div>\n                <\/div>\n            \n            <div class=\"aux-text-inner aux-text-widget-content\">\n                                <h4 class=\"col-title\">\u00cenv\u0103\u021b\u0103tor ciclul primar<\/h4>\n                            <\/div>\n        <\/div>\n                    <div class=\"aux-text-widget-footer\">\n                <div class=\"aux-border-shape-none\">\n                                <\/div>\n            <\/div>\n        \n<\/section><!-- widget-container -->\t\t\t\t<\/div>\n\t\t\t\t<\/div>\n\t\t\t\t<\/div>\n\t\t<div class=\"elementor-element elementor-element-9307bbc e-con-full e-flex e-con e-child\" data-id=\"9307bbc\" data-element_type=\"container\" data-e-type=\"container\">\n\t\t\t\t<div class=\"elementor-element elementor-element-fc1e4ea aux-appear-watch-animation aux-slide-from-right elementor-widget elementor-widget-aux_text\" data-id=\"fc1e4ea\" data-element_type=\"widget\" data-e-type=\"widget\" data-widget_type=\"aux_text.default\">\n\t\t\t\t<div class=\"elementor-widget-container\">\n\t\t\t\t\t<section class=\"widget-container aux-widget-text aux-parent-au46c3f117\">        <div class=\"aux-widget-advanced-text aux-wrap-style-simple aux-ico-pos-top aux-text-left aux-text-resp- aux-text-color-dark aux-text-widget-bg-center aux-text-no-content\" >\n        \n                            <div class=\"aux-text-widget-header\"  >\n                        <div class=\"aux-ico-box aux-ico-large aux-img-box aux-ico-shape-default aux-ico-clear\">\n                                                                <img decoding=\"async\" width=\"1080\" height=\"1080\" src=\"https:\/\/tischool.ro\/wp-content\/uploads\/2024\/04\/tis-angajam-profesor.png\" class=\"aux-attachment aux-featured-image aux-attachment-id-10123\" alt=\"Angajam profesor nativ limba engleza\" data-ratio=\"1\" data-original-w=\"1080\" \/>                                                    <\/div>\n                <\/div>\n            \n            <div class=\"aux-text-inner aux-text-widget-content\">\n                                <h4 class=\"col-title\">Profesor nativ limba englez\u0103<\/h4>\n                            <\/div>\n        <\/div>\n                    <div class=\"aux-text-widget-footer\">\n                <div class=\"aux-border-shape-none\">\n                                <\/div>\n            <\/div>\n        \n<\/section><!-- widget-container -->\t\t\t\t<\/div>\n\t\t\t\t<\/div>\n\t\t\t\t<\/div>\n\t\t\t\t\t<\/div>\n\t\t\t\t<\/div>\n\t\t<div class=\"aux-parallax-section elementor-element elementor-element-c066747 e-flex e-con-boxed e-con e-parent\" data-id=\"c066747\" data-element_type=\"container\" data-e-type=\"container\">\n\t\t\t\t\t<div class=\"e-con-inner\">\n\t\t\t\t<div class=\"elementor-element elementor-element-28567e2 elementor-widget elementor-widget-text-editor\" data-id=\"28567e2\" data-element_type=\"widget\" data-e-type=\"widget\" data-widget_type=\"text-editor.default\">\n\t\t\t\t<div class=\"elementor-widget-container\">\n\t\t\t\t\t\t\t\t\t<h4>Abilities and skills<\/h4><ul class=\"checked\"><li>Openness to innovative pedagogical methods aligned with 21st-century skills.<\/li><li>Creativity, flexibility, enthusiasm, adaptability, motivation towards academic excellence, social, and tutoring skills.<\/li><li>Ability to educate and engage across cultures using an American-based curriculum tailored for national &amp; international settings.<\/li><li>Christian mindset.<\/li><\/ul><h4>Benefits<\/h4><ul class=\"checked\"><li>A chance to work in a vibrant school community, offering a welcoming atmosphere and a Christian-centered environment.<\/li><li>An opportunity to enrich the school\u2019s culture by using and expanding your talents beyond your specific role.<\/li><li>Convenient location on the outskirts of Bra\u0219ov, with easy access via public transportation (bus stop, Bra\u0219ov ring road) and good working conditions, including renovated facilities built to international standards, a spacious 3-hectare green area with an orchard, lake, and open spaces.<\/li><li>Small class sizes, with an average of 15 students per group.<\/li><li>Full-time employment.<\/li><li>Additional benefits and incentives.<\/li><li>Ongoing opportunities for professional growth and development.<\/li><\/ul>\t\t\t\t\t\t\t\t<\/div>\n\t\t\t\t<\/div>\n\t\t\t\t\t<\/div>\n\t\t\t\t<\/div>\n\t\t\t\t<section class=\"elementor-section elementor-top-section elementor-element elementor-element-cea2baa elementor-section-boxed elementor-section-height-default elementor-section-height-default\" data-id=\"cea2baa\" data-element_type=\"section\" data-e-type=\"section\" data-settings=\"{&quot;background_background&quot;:&quot;classic&quot;}\">\n\t\t\t\t\t\t<div class=\"elementor-container elementor-column-gap-no\">\n\t\t\t\t\t<div class=\"aux-parallax-section elementor-column elementor-col-100 elementor-top-column elementor-element elementor-element-99a96b7\" data-id=\"99a96b7\" data-element_type=\"column\" data-e-type=\"column\">\n\t\t\t<div class=\"elementor-widget-wrap elementor-element-populated\">\n\t\t\t\t\t\t<div class=\"elementor-element elementor-element-ff5f344 aux-appear-watch-animation aux-scale-up elementor-widget elementor-widget-aux_modern_heading\" data-id=\"ff5f344\" data-element_type=\"widget\" data-e-type=\"widget\" data-widget_type=\"aux_modern_heading.default\">\n\t\t\t\t<div class=\"elementor-widget-container\">\n\t\t\t\t\t<section class=\"aux-widget-modern-heading\">\n            <div class=\"aux-widget-inner\"><h2 class=\"aux-modern-heading-primary\">Teaching Positions Available for 2025-2026 Academic Year:<\/h2><h2 class=\"aux-modern-heading-secondary\"><span class=\"aux-head-highlight\">Math, Science, Social Studies (History, Geography)<\/span><\/h2><div class=\"aux-modern-heading-divider\"><\/div><div class=\"aux-modern-heading-description\"><h4>Qualifications<\/h4><ul class=\"checked\"><li>Academic training in the subject area<\/li><li>English language level: native\/advanced<\/li><li>Teaching skills for grades 5 to 10.<\/li><li>Minimum one year of experience.<\/li><\/ul><h4>Submit your CV to: <a href=\"mailto:contact@tischool.ro\">contact@tischool.ro<\/a><\/h4><\/div><\/div>\n        <\/section>\t\t\t\t<\/div>\n\t\t\t\t<\/div>\n\t\t\t\t\t<\/div>\n\t\t<\/div>\n\t\t\t\t\t<\/div>\n\t\t<\/section>\n\t\t\t\t<\/div>","protected":false},"excerpt":{"rendered":"<p>Angaj\u0103m Lucreaza la noi Angaj\u0103m profesori si inv\u0103\u021b\u0103tori Experien\u021b\u0103 educa\u021bional\u0103 unic\u0103 \u0219i oportunitate profesional\u0103 C\u0103ut\u0103m profesori dornici s\u0103 implementeze filosofia educa\u021bional\u0103 a \u0219colii noastre prin expertiz\u0103, creativitate, g\u00e2ndire vizionar\u0103 \u0219i valori cre\u0219tine. \u00cenv\u0103\u021b\u0103tor ciclul primar Profesor nativ limba englez\u0103 Abilit\u0103\u021bi \u0219i competen\u021be Deschidere c\u0103tre metode pedagogice inovatoare, aliniate competen\u021belor secolului XXI. Creativitate, flexibilitate, entuziasm, adaptabilitate, [&hellip;]<\/p>\n","protected":false},"author":1,"featured_media":0,"parent":0,"menu_order":0,"comment_status":"closed","ping_status":"closed","template":"templates\/page-builder-content.php","meta":{"footnotes":""},"class_list":["post-10112","page","type-page","status-publish","hentry"],"_links":{"self":[{"href":"https:\/\/tischool.ro\/en\/wp-json\/wp\/v2\/pages\/10112","targetHints":{"allow":["GET"]}}],"collection":[{"href":"https:\/\/tischool.ro\/en\/wp-json\/wp\/v2\/pages"}],"about":[{"href":"https:\/\/tischool.ro\/en\/wp-json\/wp\/v2\/types\/page"}],"author":[{"embeddable":true,"href":"https:\/\/tischool.ro\/en\/wp-json\/wp\/v2\/users\/1"}],"replies":[{"embeddable":true,"href":"https:\/\/tischool.ro\/en\/wp-json\/wp\/v2\/comments?post=10112"}],"version-history":[{"count":136,"href":"https:\/\/tischool.ro\/en\/wp-json\/wp\/v2\/pages\/10112\/revisions"}],"predecessor-version":[{"id":10868,"href":"https:\/\/tischool.ro\/en\/wp-json\/wp\/v2\/pages\/10112\/revisions\/10868"}],"wp:attachment":[{"href":"https:\/\/tischool.ro\/en\/wp-json\/wp\/v2\/media?parent=10112"}],"curies":[{"name":"wp","href":"https:\/\/api.w.org\/{rel}","templated":true}]}}